{"id":782,"date":"2017-07-14T10:10:27","date_gmt":"2017-07-14T10:10:27","guid":{"rendered":"http:\/\/consejojuventudcalahorra.com\/wordpress\/?page_id=782"},"modified":"2026-04-09T13:45:27","modified_gmt":"2026-04-09T11:45:27","slug":"social","status":"publish","type":"page","link":"https:\/\/consejojuventudcalahorra.com\/cjcc\/guia-de-asociaciones-de-calahorra\/social\/","title":{"rendered":"Social"},"content":{"rendered":"<p>[et_pb_section fb_built=\u00bb1&#8243; _builder_version=\u00bb4.16&#8243; global_colors_info=\u00bb{}\u00bb][et_pb_row _builder_version=\u00bb4.16&#8243; background_size=\u00bbinitial\u00bb background_position=\u00bbtop_left\u00bb background_repeat=\u00bbrepeat\u00bb global_colors_info=\u00bb{}\u00bb][et_pb_column type=\u00bb4_4&#8243; _builder_version=\u00bb4.16&#8243; custom_padding=\u00bb|||\u00bb global_colors_info=\u00bb{}\u00bb custom_padding__hover=\u00bb|||\u00bb][et_pb_text admin_label=\u00bbsocial\u00bb _builder_version=\u00bb4.27.6&#8243; _module_preset=\u00bbdefault\u00bb header_font=\u00bb|700|||||||\u00bb header_text_color=\u00bb#ffd500&#8243; header_font_size=\u00bb35px\u00bb global_colors_info=\u00bb{}\u00bb]<\/p>\n<h1>Social<\/h1>\n<p>[\/et_pb_text][et_pb_text _builder_version=\u00bb4.27.6&#8243; text_font=\u00bb||||||||\u00bb background_size=\u00bbinitial\u00bb background_position=\u00bbtop_left\u00bb background_repeat=\u00bbrepeat\u00bb hover_enabled=\u00bb0&#8243; global_colors_info=\u00bb{}\u00bb sticky_enabled=\u00bb0&#8243;]<\/p>\n<ul>\n<li><a href=\"https:\/\/consejojuventudcalahorra.com\/cjcc\/guia-de-asociaciones-de-calahorra\/social\/asociacion-espanola-contra-el-cancer\/\">Asociaci\u00f3n Espa\u00f1ola Contra el C\u00e1ncer<\/a><\/li>\n<li><a href=\"https:\/\/consejojuventudcalahorra.com\/cjcc\/guia-de-asociaciones-de-calahorra\/social\/amnistia-internacional\/\">Amnist\u00eda Internacional<\/a><\/li>\n<li><a href=\"https:\/\/consejojuventudcalahorra.com\/cjcc\/guia-de-asociaciones-de-calahorra\/social\/al-halda\/\">Acci\u00f3n Contra el Hambre<\/a><\/li>\n<li><a href=\"https:\/\/consejojuventudcalahorra.com\/cjcc\/guia-de-asociaciones-de-calahorra\/social\/agencia-adventista-para-el-desarrollo-y-recursos-asistenciales-adra\/\">Agencia Adventista para el Desarrollo y Recursos Asistenciales (ADRA)<\/a><\/li>\n<li><a href=\"https:\/\/consejojuventudcalahorra.com\/cjcc\/guia-de-asociaciones-de-calahorra\/social\/caritas-interparroquial-de-calahorra\/\">C\u00e1ritas Interparroquial de Calahorra<\/a><\/li>\n<li><a href=\"https:\/\/consejojuventudcalahorra.com\/cjcc\/guia-de-asociaciones-de-calahorra\/social\/fundacion-mozambique-sur\/\">Fundaci\u00f3n Mozambique Sur<\/a><\/li>\n<li><a href=\"https:\/\/consejojuventudcalahorra.com\/cjcc\/guia-de-asociaciones-de-calahorra\/social\/asociacion-donantes-de-sangre\/\">Asociaci\u00f3n Donantes de Sangre<\/a><\/li>\n<li><a href=\"https:\/\/consejojuventudcalahorra.com\/cjcc\/guia-de-asociaciones-de-calahorra\/social\/asociacion-igual-a-ti\/\">Asociaci\u00f3n Igual a Ti<\/a><\/li>\n<li><a href=\"https:\/\/consejojuventudcalahorra.com\/cjcc\/guia-de-asociaciones-de-calahorra\/social\/rioja-baja-solidaria\/\">Rioja Baja Solidaria<\/a><\/li>\n<li><a href=\"https:\/\/consejojuventudcalahorra.com\/cjcc\/guia-de-asociaciones-de-calahorra\/social\/sindrome-de-x-fragil-de-calahorra\/\">S\u00edndrome de X Fr\u00e1gil de Calahorra<\/a><\/li>\n<li><a href=\"https:\/\/consejojuventudcalahorra.com\/cjcc\/guia-de-asociaciones-de-calahorra\/social\/asociacion-de-familias-numerosas-de-la-rioja-afnr\/\">Asociaci\u00f3n de Familias Numerosas de La Rioja (AFNR)<\/a><\/li>\n<li><a href=\"https:\/\/consejojuventudcalahorra.com\/cjcc\/guia-de-asociaciones-de-calahorra\/social\/fibromialgia-y-enfermedades-reumaticas\/\">Fibromialgia y Enfermedades Reum\u00e1ticas<\/a><\/li>\n<li><a href=\"https:\/\/consejojuventudcalahorra.com\/cjcc\/guia-de-asociaciones-de-calahorra\/social\/arpa-autismo-rioja\/\">ARPA Autismo Rioja<\/a><\/li>\n<li><a href=\"https:\/\/consejojuventudcalahorra.com\/cjcc\/guia-de-asociaciones-de-calahorra\/social\/calawi\/\">Calawi<\/a><\/li>\n<li><a href=\"https:\/\/consejojuventudcalahorra.com\/cjcc\/guia-de-asociaciones-de-calahorra\/social\/asociacion-de-enfermos-de-chrohn-y-colitis-ulcerosa\/\">Asociaci\u00f3n de Enfermos de Chrohn y Colitis Ulcerosa<\/a><\/li>\n<li><a href=\"https:\/\/consejojuventudcalahorra.com\/cjcc\/guia-de-asociaciones-de-calahorra\/social\/cruz-roja-espanola-en-calahorra\/\">Cruz Roja Espa\u00f1ola en Calahorra<\/a><\/li>\n<li><a href=\"https:\/\/consejojuventudcalahorra.com\/cjcc\/guia-de-asociaciones-de-calahorra\/social\/fundeo-fundacion-enrique-de-osso\/\">Fundeo (Fundaci\u00f3n Enrique de Osso)<\/a><\/li>\n<li><a href=\"https:\/\/consejojuventudcalahorra.com\/cjcc\/guia-de-asociaciones-de-calahorra\/social\/asociacion-de-ocio-inclusivo-de-calahorra\/\">Asociaci\u00f3n de Ocio Inclusivo de Calahorra<\/a><\/li>\n<li><a href=\"https:\/\/consejojuventudcalahorra.com\/cjcc\/guia-de-asociaciones-de-calahorra\/social\/mi-residencia-mi-hogar\/\">Mi Residencia Mi Hogar<\/a><\/li>\n<li><a href=\"https:\/\/consejojuventudcalahorra.com\/cjcc\/guia-de-asociaciones-de-calahorra\/social\/asociacion-riojana-para-el-sindrome-de-down-arsido\/\">Asociaci\u00f3n Riojana para el S\u00edndrome de Down (ARSIDO)<\/a><\/li>\n<li><a href=\"https:\/\/consejojuventudcalahorra.com\/cjcc\/alcoholicos-anonimos-%c2%b7-grupo-el-carmen-area-iv\/\">Alcoh\u00f3licos An\u00f3nimos \u00b7 Grupo El Carmen \u2013 Area IV<\/a><\/li>\n<li><a href=\"https:\/\/consejojuventudcalahorra.com\/cjcc\/asociacion-de-hosteleria-y-hoteles-de-calahorra\/\">Asociaci\u00f3n de Hosteler\u00eda y Hoteles de Calahorra<\/a><\/li>\n<li><a href=\"https:\/\/consejojuventudcalahorra.com\/cjcc\/asociacion-ecologista-de-calahorra\/\">Asociaci\u00f3n Ecologista de Calahorra<\/a><\/li>\n<li><a href=\"https:\/\/consejojuventudcalahorra.com\/cjcc\/asociacion-maria-salus-infirmorum-de-la-rioja\/\">Asociaci\u00f3n Mar\u00eda Salus Infirmorum de La Rioja<\/a><\/li>\n<li><a href=\"https:\/\/consejojuventudcalahorra.com\/cjcc\/asociacion-de-personas-mayores-de-calahorra\/\">Asociaci\u00f3n de Personas Mayores de Calahorra<\/a><\/li>\n<li><a href=\"https:\/\/consejojuventudcalahorra.com\/cjcc\/avt-victimas-del-terrorismo\/\">AVT &#8211; V\u00edctimas del Terrorismo<\/a><\/li>\n<\/ul>\n<p>[\/et_pb_text][\/et_pb_column][\/et_pb_row][\/et_pb_section]<\/p>\n","protected":false},"excerpt":{"rendered":"<p>Social Asociaci\u00f3n Espa\u00f1ola Contra el C\u00e1ncer Amnist\u00eda Internacional Acci\u00f3n Contra el Hambre Agencia Adventista para el Desarrollo y Recursos Asistenciales (ADRA) C\u00e1ritas Interparroquial de Calahorra Fundaci\u00f3n Mozambique Sur Asociaci\u00f3n Donantes [&hellip;]<\/p>\n","protected":false},"author":1,"featured_media":3759,"parent":765,"menu_order":8,"comment_status":"closed","ping_status":"closed","template":"","meta":{"_et_pb_use_builder":"on","_et_pb_old_content":"<p><a href=\"http:\/\/consejojuventudcalahorra.com\/wordpress\/guia-de-asociaciones-de-calahorra\/social\/agencia-adventista-para-el-desarrollo-y-recursos-asistenciales-adra\/\"><span style=\"color: #993300;\"><b>A<span style=\"color: #993300;\">GENCIA ADVENTISTA PARA EL DESARROLLO Y RECURSOS ASISTENCIALES (ADRA)<\/span><\/b><\/span><\/a><\/p><hr \/><p><span style=\"color: #993300;\"><a style=\"color: #993300;\" href=\"http:\/\/consejojuventudcalahorra.com\/wordpress\/guia-de-asociaciones-de-calahorra\/social\/al-halda\/\">\u00a0<b>AL HALDA<\/b><\/a><\/span><\/p><hr \/><p><span style=\"color: #993300;\"><a style=\"color: #993300;\" href=\"http:\/\/consejojuventudcalahorra.com\/wordpress\/guia-de-asociaciones-de-calahorra\/social\/arpa-autismo-rioja\/\">\u00a0<b>ARPA AUTISMO RIOJA<\/b><\/a><\/span><\/p><hr \/><p><span style=\"color: #993300;\">\u00a0<a style=\"color: #993300;\" href=\"http:\/\/consejojuventudcalahorra.com\/wordpress\/guia-de-asociaciones-de-calahorra\/social\/asociacion-de-enfermos-de-crohn-y-colitis-ulcerosa\/\"><b>ASOCIACI\u00d3N DE ENFERMOS DE CROHN Y COLITIS ULCEROSA<\/b><\/a><\/span><\/p><hr \/><p><span style=\"color: #993300;\"><a style=\"color: #993300;\" href=\"http:\/\/consejojuventudcalahorra.com\/wordpress\/guia-de-asociaciones-de-calahorra\/social\/asociacion-de-familias-numerosas\/\"><b>ASOCIACI\u00d3N DE FAMILIAS NUMEROSAS<\/b><\/a><\/span><\/p><hr \/><p><span style=\"color: #993300;\"><a style=\"color: #993300;\" href=\"http:\/\/consejojuventudcalahorra.com\/wordpress\/guia-de-asociaciones-de-calahorra\/social\/asociacion-donantes-de-sangre\/\"><b>ASOCIACI\u00d3N DONANTES DE SANGRE<\/b><\/a><\/span><\/p><hr \/><p><span style=\"color: #993300;\"><a style=\"color: #993300;\" href=\"http:\/\/consejojuventudcalahorra.com\/wordpress\/guia-de-asociaciones-de-calahorra\/social\/asociacion-riojana-para-el-sindrome-de-down-arsido\/\"><b>ASOCIACI\u00d3N RIOJANA PARA EL S\u00cdNDROME DE DOWN. ARSIDO<\/b><\/a><\/span><\/p><hr \/><p><span style=\"color: #993300;\"><a style=\"color: #993300;\" href=\"http:\/\/consejojuventudcalahorra.com\/wordpress\/guia-de-asociaciones-de-calahorra\/social\/asociacion-igual-a-ti-arps\/\"><b>ASOCIACI\u00d3N IGUAL A T\u00cd (ARPS)<\/b><\/a><\/span><\/p><hr \/><p><span style=\"color: #993300;\"><a style=\"color: #993300;\" href=\"http:\/\/consejojuventudcalahorra.com\/wordpress\/guia-de-asociaciones-de-calahorra\/social\/caritas-interparroquial-de-calahorra\/\"><b>CARITAS INTERPARROQUIAL DE CALAHORRA<\/b><\/a><\/span><\/p><hr \/><p><span style=\"color: #993300;\"><a style=\"color: #993300;\" href=\"http:\/\/consejojuventudcalahorra.com\/wordpress\/guia-de-asociaciones-de-calahorra\/social\/1916-2\/\">\u00a0<b>CRUZ ROJA ESPA\u00d1OLA EN CALAHORRA<\/b><\/a><\/span><\/p><hr \/><p><span style=\"color: #993300;\"><a style=\"color: #993300;\" href=\"http:\/\/consejojuventudcalahorra.com\/wordpress\/guia-de-asociaciones-de-calahorra\/social\/fundacion-mozambique-sur\/\"><b>FUNDACI\u00d3N MOZAMBIQUE SUR<\/b><\/a><\/span><\/p><hr \/><p><span style=\"color: #993300;\"><a style=\"color: #993300;\" href=\"http:\/\/consejojuventudcalahorra.com\/wordpress\/guia-de-asociaciones-de-calahorra\/social\/fundeo-fundacio-enrique-de-osso\/\">\u00a0<b>FUNDEO (FUNDACI\u00d3 ENRIQUE DE OSSO)<\/b><\/a><\/span><\/p><hr \/><p><span style=\"color: #993300;\"><a style=\"color: #993300;\" href=\"http:\/\/consejojuventudcalahorra.com\/wordpress\/guia-de-asociaciones-de-calahorra\/social\/oasis-accion-social\/\"><b>OASIS ACCI\u00d3N SOCIAL<\/b><\/a><\/span><\/p><hr \/><p><span style=\"color: #993300;\"><a style=\"color: #993300;\" href=\"http:\/\/consejojuventudcalahorra.com\/wordpress\/guia-de-asociaciones-de-calahorra\/social\/sindrome-x-fragil\/\"><b>SINDROME X-FRAGIL<\/b><\/a><\/span><\/p><hr \/><p><strong><a href=\"http:\/\/consejojuventudcalahorra.com\/wordpress\/guia-de-asociaciones-de-calahorra\/social\/fundacion-caritas-chavicar-centro-de-insercion-social-activa-rioja-baja\/\"><span style=\"color: #993300;\">FUNDACI\u00d3N CARITAS CHAVICAR (CENTRO DE INSERCI\u00d3N SOCIAL ACTIVA RIOJA BAJA)<\/span><\/a><\/strong><\/p><hr \/><p><a href=\"http:\/\/consejojuventudcalahorra.com\/wordpress\/guia-de-asociaciones-de-calahorra\/social\/grupo-el-carmen-area-iv-alcoholicos-anonimos\/\"><strong><span style=\"color: #993366;\">GRUPO EL CARMEN - AREA IV<\/span><\/strong><\/a><\/p>","_et_gb_content_width":"","footnotes":""},"class_list":["post-782","page","type-page","status-publish","has-post-thumbnail","hentry"],"yoast_head":"<!-- This site is optimized with the Yoast SEO plugin v27.4 - https:\/\/yoast.com\/product\/yoast-seo-wordpress\/ -->\n<title>Social - Consejo de la Juventud Comarcal de Calahorra<\/title>\n<meta name=\"description\" content=\"Asociaciones sociales dentro de la Gu\u00eda de Asociaciones de Calahorra del Consejo de la Juventud Comarcal de Calahorra\" \/>\n<meta name=\"robots\" content=\"index, follow, max-snippet:-1, max-image-preview:large, max-video-preview:-1\" \/>\n<link rel=\"canonical\" href=\"https:\/\/consejojuventudcalahorra.com\/cjcc\/guia-de-asociaciones-de-calahorra\/social\/\" \/>\n<meta property=\"og:locale\" content=\"es_ES\" \/>\n<meta property=\"og:type\" content=\"article\" \/>\n<meta property=\"og:title\" content=\"Social - Consejo de la Juventud Comarcal de Calahorra\" \/>\n<meta property=\"og:description\" content=\"Asociaciones sociales dentro de la Gu\u00eda de Asociaciones de Calahorra del Consejo de la Juventud Comarcal de Calahorra\" \/>\n<meta property=\"og:url\" content=\"https:\/\/consejojuventudcalahorra.com\/cjcc\/guia-de-asociaciones-de-calahorra\/social\/\" \/>\n<meta property=\"og:site_name\" content=\"Consejo de la Juventud Comarcal de Calahorra\" \/>\n<meta property=\"article:publisher\" content=\"https:\/\/www.facebook.com\/consejojuventudcalahorra\/?locale=es_ES\" \/>\n<meta property=\"article:modified_time\" content=\"2026-04-09T11:45:27+00:00\" \/>\n<meta property=\"og:image\" content=\"https:\/\/consejojuventudcalahorra.com\/cjcc\/wp-content\/uploads\/2020\/10\/consejo-juventud-calahorra-cjcc-logotipo.jpg\" \/>\n\t<meta property=\"og:image:width\" content=\"200\" \/>\n\t<meta property=\"og:image:height\" content=\"200\" \/>\n\t<meta property=\"og:image:type\" content=\"image\/jpeg\" \/>\n<meta name=\"twitter:card\" content=\"summary_large_image\" \/>\n<meta name=\"twitter:label1\" content=\"Tiempo de lectura\" \/>\n\t<meta name=\"twitter:data1\" content=\"1 minuto\" \/>\n<script type=\"application\/ld+json\" class=\"yoast-schema-graph\">{\"@context\":\"https:\\\/\\\/schema.org\",\"@graph\":[{\"@type\":\"WebPage\",\"@id\":\"https:\\\/\\\/consejojuventudcalahorra.com\\\/cjcc\\\/guia-de-asociaciones-de-calahorra\\\/social\\\/\",\"url\":\"https:\\\/\\\/consejojuventudcalahorra.com\\\/cjcc\\\/guia-de-asociaciones-de-calahorra\\\/social\\\/\",\"name\":\"Social - Consejo de la Juventud Comarcal de Calahorra\",\"isPartOf\":{\"@id\":\"https:\\\/\\\/consejojuventudcalahorra.com\\\/cjcc\\\/#website\"},\"primaryImageOfPage\":{\"@id\":\"https:\\\/\\\/consejojuventudcalahorra.com\\\/cjcc\\\/guia-de-asociaciones-de-calahorra\\\/social\\\/#primaryimage\"},\"image\":{\"@id\":\"https:\\\/\\\/consejojuventudcalahorra.com\\\/cjcc\\\/guia-de-asociaciones-de-calahorra\\\/social\\\/#primaryimage\"},\"thumbnailUrl\":\"https:\\\/\\\/consejojuventudcalahorra.com\\\/cjcc\\\/wp-content\\\/uploads\\\/2020\\\/10\\\/consejo-juventud-calahorra-cjcc-logotipo.jpg\",\"datePublished\":\"2017-07-14T10:10:27+00:00\",\"dateModified\":\"2026-04-09T11:45:27+00:00\",\"description\":\"Asociaciones sociales dentro de la Gu\u00eda de Asociaciones de Calahorra del Consejo de la Juventud Comarcal de Calahorra\",\"breadcrumb\":{\"@id\":\"https:\\\/\\\/consejojuventudcalahorra.com\\\/cjcc\\\/guia-de-asociaciones-de-calahorra\\\/social\\\/#breadcrumb\"},\"inLanguage\":\"es\",\"potentialAction\":[{\"@type\":\"ReadAction\",\"target\":[\"https:\\\/\\\/consejojuventudcalahorra.com\\\/cjcc\\\/guia-de-asociaciones-de-calahorra\\\/social\\\/\"]}]},{\"@type\":\"ImageObject\",\"inLanguage\":\"es\",\"@id\":\"https:\\\/\\\/consejojuventudcalahorra.com\\\/cjcc\\\/guia-de-asociaciones-de-calahorra\\\/social\\\/#primaryimage\",\"url\":\"https:\\\/\\\/consejojuventudcalahorra.com\\\/cjcc\\\/wp-content\\\/uploads\\\/2020\\\/10\\\/consejo-juventud-calahorra-cjcc-logotipo.jpg\",\"contentUrl\":\"https:\\\/\\\/consejojuventudcalahorra.com\\\/cjcc\\\/wp-content\\\/uploads\\\/2020\\\/10\\\/consejo-juventud-calahorra-cjcc-logotipo.jpg\",\"width\":200,\"height\":200,\"caption\":\"Logotipo\"},{\"@type\":\"BreadcrumbList\",\"@id\":\"https:\\\/\\\/consejojuventudcalahorra.com\\\/cjcc\\\/guia-de-asociaciones-de-calahorra\\\/social\\\/#breadcrumb\",\"itemListElement\":[{\"@type\":\"ListItem\",\"position\":1,\"name\":\"Portada\",\"item\":\"https:\\\/\\\/consejojuventudcalahorra.com\\\/cjcc\\\/\"},{\"@type\":\"ListItem\",\"position\":2,\"name\":\"Gu\u00eda de Asociaciones de Calahorra\",\"item\":\"https:\\\/\\\/consejojuventudcalahorra.com\\\/cjcc\\\/guia-de-asociaciones-de-calahorra\\\/\"},{\"@type\":\"ListItem\",\"position\":3,\"name\":\"Social\"}]},{\"@type\":\"WebSite\",\"@id\":\"https:\\\/\\\/consejojuventudcalahorra.com\\\/cjcc\\\/#website\",\"url\":\"https:\\\/\\\/consejojuventudcalahorra.com\\\/cjcc\\\/\",\"name\":\"Consejo de la Juventud Comarcal de Calahorra\",\"description\":\"Ser joven es ser algo m\u00e1s\",\"publisher\":{\"@id\":\"https:\\\/\\\/consejojuventudcalahorra.com\\\/cjcc\\\/#organization\"},\"potentialAction\":[{\"@type\":\"SearchAction\",\"target\":{\"@type\":\"EntryPoint\",\"urlTemplate\":\"https:\\\/\\\/consejojuventudcalahorra.com\\\/cjcc\\\/?s={search_term_string}\"},\"query-input\":{\"@type\":\"PropertyValueSpecification\",\"valueRequired\":true,\"valueName\":\"search_term_string\"}}],\"inLanguage\":\"es\"},{\"@type\":\"Organization\",\"@id\":\"https:\\\/\\\/consejojuventudcalahorra.com\\\/cjcc\\\/#organization\",\"name\":\"Consejo de la Juventud Comarcal de Calahorra\",\"url\":\"https:\\\/\\\/consejojuventudcalahorra.com\\\/cjcc\\\/\",\"logo\":{\"@type\":\"ImageObject\",\"inLanguage\":\"es\",\"@id\":\"https:\\\/\\\/consejojuventudcalahorra.com\\\/cjcc\\\/#\\\/schema\\\/logo\\\/image\\\/\",\"url\":\"https:\\\/\\\/consejojuventudcalahorra.com\\\/cjcc\\\/wp-content\\\/uploads\\\/2025\\\/09\\\/Logo-CJCC.png\",\"contentUrl\":\"https:\\\/\\\/consejojuventudcalahorra.com\\\/cjcc\\\/wp-content\\\/uploads\\\/2025\\\/09\\\/Logo-CJCC.png\",\"width\":964,\"height\":660,\"caption\":\"Consejo de la Juventud Comarcal de Calahorra\"},\"image\":{\"@id\":\"https:\\\/\\\/consejojuventudcalahorra.com\\\/cjcc\\\/#\\\/schema\\\/logo\\\/image\\\/\"},\"sameAs\":[\"https:\\\/\\\/www.facebook.com\\\/consejojuventudcalahorra\\\/?locale=es_ES\"]}]}<\/script>\n<!-- \/ Yoast SEO plugin. -->","yoast_head_json":{"title":"Social - Consejo de la Juventud Comarcal de Calahorra","description":"Asociaciones sociales dentro de la Gu\u00eda de Asociaciones de Calahorra del Consejo de la Juventud Comarcal de Calahorra","robots":{"index":"index","follow":"follow","max-snippet":"max-snippet:-1","max-image-preview":"max-image-preview:large","max-video-preview":"max-video-preview:-1"},"canonical":"https:\/\/consejojuventudcalahorra.com\/cjcc\/guia-de-asociaciones-de-calahorra\/social\/","og_locale":"es_ES","og_type":"article","og_title":"Social - Consejo de la Juventud Comarcal de Calahorra","og_description":"Asociaciones sociales dentro de la Gu\u00eda de Asociaciones de Calahorra del Consejo de la Juventud Comarcal de Calahorra","og_url":"https:\/\/consejojuventudcalahorra.com\/cjcc\/guia-de-asociaciones-de-calahorra\/social\/","og_site_name":"Consejo de la Juventud Comarcal de Calahorra","article_publisher":"https:\/\/www.facebook.com\/consejojuventudcalahorra\/?locale=es_ES","article_modified_time":"2026-04-09T11:45:27+00:00","og_image":[{"width":200,"height":200,"url":"https:\/\/consejojuventudcalahorra.com\/cjcc\/wp-content\/uploads\/2020\/10\/consejo-juventud-calahorra-cjcc-logotipo.jpg","type":"image\/jpeg"}],"twitter_card":"summary_large_image","twitter_misc":{"Tiempo de lectura":"1 minuto"},"schema":{"@context":"https:\/\/schema.org","@graph":[{"@type":"WebPage","@id":"https:\/\/consejojuventudcalahorra.com\/cjcc\/guia-de-asociaciones-de-calahorra\/social\/","url":"https:\/\/consejojuventudcalahorra.com\/cjcc\/guia-de-asociaciones-de-calahorra\/social\/","name":"Social - Consejo de la Juventud Comarcal de Calahorra","isPartOf":{"@id":"https:\/\/consejojuventudcalahorra.com\/cjcc\/#website"},"primaryImageOfPage":{"@id":"https:\/\/consejojuventudcalahorra.com\/cjcc\/guia-de-asociaciones-de-calahorra\/social\/#primaryimage"},"image":{"@id":"https:\/\/consejojuventudcalahorra.com\/cjcc\/guia-de-asociaciones-de-calahorra\/social\/#primaryimage"},"thumbnailUrl":"https:\/\/consejojuventudcalahorra.com\/cjcc\/wp-content\/uploads\/2020\/10\/consejo-juventud-calahorra-cjcc-logotipo.jpg","datePublished":"2017-07-14T10:10:27+00:00","dateModified":"2026-04-09T11:45:27+00:00","description":"Asociaciones sociales dentro de la Gu\u00eda de Asociaciones de Calahorra del Consejo de la Juventud Comarcal de Calahorra","breadcrumb":{"@id":"https:\/\/consejojuventudcalahorra.com\/cjcc\/guia-de-asociaciones-de-calahorra\/social\/#breadcrumb"},"inLanguage":"es","potentialAction":[{"@type":"ReadAction","target":["https:\/\/consejojuventudcalahorra.com\/cjcc\/guia-de-asociaciones-de-calahorra\/social\/"]}]},{"@type":"ImageObject","inLanguage":"es","@id":"https:\/\/consejojuventudcalahorra.com\/cjcc\/guia-de-asociaciones-de-calahorra\/social\/#primaryimage","url":"https:\/\/consejojuventudcalahorra.com\/cjcc\/wp-content\/uploads\/2020\/10\/consejo-juventud-calahorra-cjcc-logotipo.jpg","contentUrl":"https:\/\/consejojuventudcalahorra.com\/cjcc\/wp-content\/uploads\/2020\/10\/consejo-juventud-calahorra-cjcc-logotipo.jpg","width":200,"height":200,"caption":"Logotipo"},{"@type":"BreadcrumbList","@id":"https:\/\/consejojuventudcalahorra.com\/cjcc\/guia-de-asociaciones-de-calahorra\/social\/#breadcrumb","itemListElement":[{"@type":"ListItem","position":1,"name":"Portada","item":"https:\/\/consejojuventudcalahorra.com\/cjcc\/"},{"@type":"ListItem","position":2,"name":"Gu\u00eda de Asociaciones de Calahorra","item":"https:\/\/consejojuventudcalahorra.com\/cjcc\/guia-de-asociaciones-de-calahorra\/"},{"@type":"ListItem","position":3,"name":"Social"}]},{"@type":"WebSite","@id":"https:\/\/consejojuventudcalahorra.com\/cjcc\/#website","url":"https:\/\/consejojuventudcalahorra.com\/cjcc\/","name":"Consejo de la Juventud Comarcal de Calahorra","description":"Ser joven es ser algo m\u00e1s","publisher":{"@id":"https:\/\/consejojuventudcalahorra.com\/cjcc\/#organization"},"potentialAction":[{"@type":"SearchAction","target":{"@type":"EntryPoint","urlTemplate":"https:\/\/consejojuventudcalahorra.com\/cjcc\/?s={search_term_string}"},"query-input":{"@type":"PropertyValueSpecification","valueRequired":true,"valueName":"search_term_string"}}],"inLanguage":"es"},{"@type":"Organization","@id":"https:\/\/consejojuventudcalahorra.com\/cjcc\/#organization","name":"Consejo de la Juventud Comarcal de Calahorra","url":"https:\/\/consejojuventudcalahorra.com\/cjcc\/","logo":{"@type":"ImageObject","inLanguage":"es","@id":"https:\/\/consejojuventudcalahorra.com\/cjcc\/#\/schema\/logo\/image\/","url":"https:\/\/consejojuventudcalahorra.com\/cjcc\/wp-content\/uploads\/2025\/09\/Logo-CJCC.png","contentUrl":"https:\/\/consejojuventudcalahorra.com\/cjcc\/wp-content\/uploads\/2025\/09\/Logo-CJCC.png","width":964,"height":660,"caption":"Consejo de la Juventud Comarcal de Calahorra"},"image":{"@id":"https:\/\/consejojuventudcalahorra.com\/cjcc\/#\/schema\/logo\/image\/"},"sameAs":["https:\/\/www.facebook.com\/consejojuventudcalahorra\/?locale=es_ES"]}]}},"_links":{"self":[{"href":"https:\/\/consejojuventudcalahorra.com\/cjcc\/wp-json\/wp\/v2\/pages\/782","targetHints":{"allow":["GET"]}}],"collection":[{"href":"https:\/\/consejojuventudcalahorra.com\/cjcc\/wp-json\/wp\/v2\/pages"}],"about":[{"href":"https:\/\/consejojuventudcalahorra.com\/cjcc\/wp-json\/wp\/v2\/types\/page"}],"author":[{"embeddable":true,"href":"https:\/\/consejojuventudcalahorra.com\/cjcc\/wp-json\/wp\/v2\/users\/1"}],"replies":[{"embeddable":true,"href":"https:\/\/consejojuventudcalahorra.com\/cjcc\/wp-json\/wp\/v2\/comments?post=782"}],"version-history":[{"count":41,"href":"https:\/\/consejojuventudcalahorra.com\/cjcc\/wp-json\/wp\/v2\/pages\/782\/revisions"}],"predecessor-version":[{"id":11335,"href":"https:\/\/consejojuventudcalahorra.com\/cjcc\/wp-json\/wp\/v2\/pages\/782\/revisions\/11335"}],"up":[{"embeddable":true,"href":"https:\/\/consejojuventudcalahorra.com\/cjcc\/wp-json\/wp\/v2\/pages\/765"}],"wp:featuredmedia":[{"embeddable":true,"href":"https:\/\/consejojuventudcalahorra.com\/cjcc\/wp-json\/wp\/v2\/media\/3759"}],"wp:attachment":[{"href":"https:\/\/consejojuventudcalahorra.com\/cjcc\/wp-json\/wp\/v2\/media?parent=782"}],"curies":[{"name":"wp","href":"https:\/\/api.w.org\/{rel}","templated":true}]}}