{"id":772,"date":"2017-07-14T10:08:18","date_gmt":"2017-07-14T10:08:18","guid":{"rendered":"http:\/\/consejojuventudcalahorra.com\/wordpress\/?page_id=772"},"modified":"2026-03-10T11:55:41","modified_gmt":"2026-03-10T10:55:41","slug":"educativas","status":"publish","type":"page","link":"https:\/\/consejojuventudcalahorra.com\/cjcc\/guia-de-asociaciones-de-calahorra\/educativas\/","title":{"rendered":"Educativas"},"content":{"rendered":"<p>[et_pb_section fb_built=\u00bb1&#8243; _builder_version=\u00bb4.16&#8243; global_colors_info=\u00bb{}\u00bb][et_pb_row _builder_version=\u00bb4.16&#8243; background_size=\u00bbinitial\u00bb background_position=\u00bbtop_left\u00bb background_repeat=\u00bbrepeat\u00bb global_colors_info=\u00bb{}\u00bb][et_pb_column type=\u00bb4_4&#8243; _builder_version=\u00bb4.16&#8243; custom_padding=\u00bb|||\u00bb global_colors_info=\u00bb{}\u00bb custom_padding__hover=\u00bb|||\u00bb][et_pb_text admin_label=\u00bbEDUCATIVAS\u00bb _builder_version=\u00bb4.16&#8243; _module_preset=\u00bbdefault\u00bb header_font=\u00bb|700|||||||\u00bb header_text_color=\u00bb#ec7e0b\u00bb header_font_size=\u00bb35px\u00bb global_colors_info=\u00bb{}\u00bb]<\/p>\n<h1>Educativas<\/h1>\n<p>[\/et_pb_text][et_pb_text _builder_version=\u00bb4.16&#8243; text_font=\u00bb||||||||\u00bb background_size=\u00bbinitial\u00bb background_position=\u00bbtop_left\u00bb background_repeat=\u00bbrepeat\u00bb global_colors_info=\u00bb{}\u00bb]<\/p>\n<ul>\n<li><a href=\"https:\/\/consejojuventudcalahorra.com\/cjcc\/guia-de-asociaciones-de-calahorra\/educativas\/a-m-p-a-ceip-la-milagrosa\/\">A.M.P.A CEIP La Milagrosa<\/a><\/li>\n<li><a href=\"https:\/\/consejojuventudcalahorra.com\/cjcc\/guia-de-asociaciones-de-calahorra\/educativas\/a-p-y-m-a-colegio-santa-teresa\/\">A.P.Y.M.A Colegio Santa Teresa<\/a><\/li>\n<li><a href=\"https:\/\/consejojuventudcalahorra.com\/cjcc\/guia-de-asociaciones-de-calahorra\/educativas\/a-m-p-a-ceip-angel-olivan\/\">A.M.P.A CEIP \u00c1ngel Oliv\u00e1n<\/a><\/li>\n<li><a href=\"https:\/\/consejojuventudcalahorra.com\/cjcc\/guia-de-asociaciones-de-calahorra\/educativas\/a-m-p-a-conservatorio-de-musica-de-calahorra\/\">A.M.P.A Conservatorio de M\u00fasica de Calahorra<\/a><a href=\"https:\/\/consejojuventudcalahorra.com\/cjcc\/guia-de-asociaciones-de-calahorra\/educativas\/a-m-p-a-ceip-aurelio-prudencio\/\"><\/a><\/li>\n<li><a href=\"https:\/\/consejojuventudcalahorra.com\/cjcc\/guia-de-asociaciones-de-calahorra\/educativas\/a-m-p-a-ceip-san-andres\/\">A.M.P.A CEIP San Andr\u00e9s<\/a><\/li>\n<li><a href=\"https:\/\/consejojuventudcalahorra.com\/cjcc\/guia-de-asociaciones-de-calahorra\/educativas\/a-m-p-a-escuela-infantil-municipal-santos-martires\/\">A.M.P.A Escuela Infantil Municipal Santos M\u00e1rtires<\/a><\/li>\n<li><a href=\"https:\/\/consejojuventudcalahorra.com\/cjcc\/guia-de-asociaciones-de-calahorra\/educativas\/a-p-a-escuela-infantil-no-senora-del-carmen\/\">A.P.A Escuela Infantil N\u00ba Se\u00f1ora del Carmen<\/a><\/li>\n<li><a href=\"https:\/\/consejojuventudcalahorra.com\/cjcc\/guia-de-asociaciones-de-calahorra\/educativas\/a-p-a-ceip-quintiliano\/\">A.P.A CEIP Quintiliano<\/a><\/li>\n<li><a href=\"https:\/\/consejojuventudcalahorra.com\/cjcc\/guia-de-asociaciones-de-calahorra\/educativas\/asociacion-antiguas-alumnas-de-san-andres\/\">Asociaci\u00f3n Antiguas Alumnas de San Andr\u00e9s<\/a><\/li>\n<li><a href=\"https:\/\/consejojuventudcalahorra.com\/cjcc\/guia-de-asociaciones-de-calahorra\/educativas\/asociacion-antiguos-alumnos-colegio-san-agustin\/\">Asociaci\u00f3n Antiguos Alumnos Colegio San Agust\u00edn<\/a><\/li>\n<li><a href=\"https:\/\/consejojuventudcalahorra.com\/cjcc\/guia-de-asociaciones-de-calahorra\/educativas\/fundacion-colegio-san-agustin\/\">Fundaci\u00f3n Colegio San Agust\u00edn<\/a><\/li>\n<li><a href=\"https:\/\/consejojuventudcalahorra.com\/cjcc\/guia-de-asociaciones-de-calahorra\/educativas\/asociacion-de-alumnos-y-amigos-de-la-escuela-oficial-de-idiomas-de-calahorra\/\">A.M.P.A. CEIP Aurelio Prudencio<\/a><\/li>\n<li><a href=\"https:\/\/consejojuventudcalahorra.com\/cjcc\/guia-de-asociaciones-de-calahorra\/educativas\/a-p-a-ies-valle-del-cidacos\/\">A.P.A IES Valle del Cidacos<\/a><\/li>\n<\/ul>\n<p>[\/et_pb_text][\/et_pb_column][\/et_pb_row][\/et_pb_section]<\/p>\n","protected":false},"excerpt":{"rendered":"<p>Educativas A.M.P.A CEIP La Milagrosa A.P.Y.M.A Colegio Santa Teresa A.M.P.A CEIP \u00c1ngel Oliv\u00e1n A.M.P.A Conservatorio de M\u00fasica de Calahorra A.M.P.A CEIP San Andr\u00e9s A.M.P.A Escuela Infantil Municipal Santos M\u00e1rtires A.P.A [&hellip;]<\/p>\n","protected":false},"author":1,"featured_media":3759,"parent":765,"menu_order":2,"comment_status":"closed","ping_status":"closed","template":"","meta":{"_et_pb_use_builder":"on","_et_pb_old_content":"<p><a href=\"http:\/\/consejojuventudcalahorra.com\/wordpress\/guia-de-asociaciones-de-calahorra\/educativas\/a-m-p-a-colegio-aurelio-prudencio\/\"><span style=\"color: #ff6600;\"><b>A.<span style=\"color: #ff6600;\">M.P.A. COLEGIO AURELIO PRUDENCIO<\/span><\/b><\/span><\/a><\/p><p><span style=\"color: #ff6600;\"><b><\/b><a style=\"color: #ff6600;\" href=\"http:\/\/consejojuventudcalahorra.com\/wordpress\/guia-de-asociaciones-de-calahorra\/educativas\/a-m-p-a-colegio-la-milagrosa\/\"><b>A.M.P.A. COLEGIO LA MILAGROSA<\/b><\/a><\/span><\/p><p><span style=\"color: #ff6600;\"><b><\/b><a style=\"color: #ff6600;\" href=\"http:\/\/consejojuventudcalahorra.com\/wordpress\/guia-de-asociaciones-de-calahorra\/educativas\/apyma-colegio-santa-teresa\/\"><b>APYMA COLEGIO SANTA TERESA<\/b><\/a><\/span><\/p><p><span style=\"color: #ff6600;\"><b><\/b><a style=\"color: #ff6600;\" href=\"http:\/\/consejojuventudcalahorra.com\/wordpress\/guia-de-asociaciones-de-calahorra\/educativas\/a-m-p-a-conservatorio-de-musica-de-calahorra\/\"><b>A.M.P.A. CONSERVATORIO DE M\u00daSICA DE CALAHORRA<\/b><\/a><\/span><\/p><p><span style=\"color: #ff6600;\"><b><\/b><a style=\"color: #ff6600;\" href=\"http:\/\/consejojuventudcalahorra.com\/wordpress\/guia-de-asociaciones-de-calahorra\/educativas\/a-m-p-a-escuela-infantil-municipal-santos-martires\/\"><b>A.M.P.A. ESCUELA INFANTIL MUNICIPAL SANTOS M\u00c1RTIRES<\/b><\/a><\/span><\/p><p><span style=\"color: #ff6600;\"><b><\/b><a style=\"color: #ff6600;\" href=\"http:\/\/consejojuventudcalahorra.com\/wordpress\/guia-de-asociaciones-de-calahorra\/educativas\/a-m-p-a-guarderia-na-senora-del-carmen\/\"><b>A.M.P.A. GUARDER\u00cdA N\u00aa SE\u00d1ORA DEL CARMEN<\/b><\/a><\/span><\/p><p><span style=\"color: #ff6600;\"><b><\/b><a style=\"color: #ff6600;\" href=\"http:\/\/consejojuventudcalahorra.com\/wordpress\/guia-de-asociaciones-de-calahorra\/educativas\/a-p-a-colegio-quintiliano\/\"><b>A.P.A. COLEGIO QUINTILIANO<\/b><\/a><\/span><\/p><p><span style=\"color: #ff6600;\"><a style=\"color: #ff6600;\" href=\"http:\/\/consejojuventudcalahorra.com\/wordpress\/guia-de-asociaciones-de-calahorra\/educativas\/a-p-a-colegio-san-andres\/\"><b>A.P.A. COLEGIO SAN ANDRES<\/b><\/a><\/span><\/p><p><span style=\"color: #ff6600;\"><a style=\"color: #ff6600;\" href=\"http:\/\/consejojuventudcalahorra.com\/wordpress\/guia-de-asociaciones-de-calahorra\/educativas\/a-p-a-cp-angel-olivan\/\"><b>A.P.A. CP. \u00c1NGEL OLIV\u00c1N<\/b><\/a><\/span><\/p><p><span style=\"color: #ff6600;\"><a style=\"color: #ff6600;\" href=\"http:\/\/consejojuventudcalahorra.com\/wordpress\/guia-de-asociaciones-de-calahorra\/educativas\/a-p-a-ies-marco-fabio-quintiliano\/\"><b style=\"line-height: 1.5;\">A.P.A. IES. MARCO FABIO QUINTILIANO<\/b><\/a><\/span><\/p><p><span style=\"color: #ff6600;\"><a style=\"color: #ff6600;\" href=\"http:\/\/consejojuventudcalahorra.com\/wordpress\/guia-de-asociaciones-de-calahorra\/educativas\/a-p-a-ies-valle-del-cidacos\/\"><b>A.P.A. IES. VALLE DEL CIDACOS<\/b><\/a><\/span><\/p><p><span style=\"color: #ff6600;\"><b><\/b><a style=\"color: #ff6600;\" href=\"http:\/\/consejojuventudcalahorra.com\/wordpress\/guia-de-asociaciones-de-calahorra\/educativas\/asociacion-antiguas-alumnas-de-san-andres\/\"><b>ASOCIACI\u00d3N ANTIGUAS ALUMNAS DE \u201cSAN ANDRES\u201d<\/b><\/a><\/span><\/p><p><span style=\"color: #ff6600;\"><a style=\"color: #ff6600;\" href=\"http:\/\/consejojuventudcalahorra.com\/wordpress\/guia-de-asociaciones-de-calahorra\/educativas\/asociacion-antiguos-alumnos-colegio-san-agustin\/\"><b>ASOCIACI\u00d3N ANTIGUOS ALUMNOS COLEGIO \u201cSAN AGUST\u00cdN\u201d<\/b><\/a><\/span><\/p><p><span style=\"color: #ff6600;\"><a style=\"color: #ff6600;\" href=\"http:\/\/consejojuventudcalahorra.com\/wordpress\/guia-de-asociaciones-de-calahorra\/educativas\/asociacion-de-alumnos-y-amigos-de-la-escuela-oficial-de-idiomas-de-calahorra\/\"><b>ASOCIACI\u00d3N DE ALUMNOS Y AMIGOS DE LA ESCUELA OFICIAL DE IDIOMAS DE CALAHORRA<\/b><\/a><span style=\"font-weight: 400;\"><br \/><\/span><\/span><\/p><p><span style=\"color: #ff6600;\"><b><\/b><a style=\"color: #ff6600;\" href=\"http:\/\/consejojuventudcalahorra.com\/wordpress\/guia-de-asociaciones-de-calahorra\/educativas\/sociedad-cooperativa-san-agustin\/\"><b>SOCIEDAD COOPERATIVA SAN AGUST\u00cdN<\/b><\/a><\/span><\/p>","_et_gb_content_width":"","footnotes":""},"class_list":["post-772","page","type-page","status-publish","has-post-thumbnail","hentry"],"yoast_head":"<!-- This site is optimized with the Yoast SEO plugin v27.4 - https:\/\/yoast.com\/product\/yoast-seo-wordpress\/ -->\n<title>Educativas - Consejo de la Juventud Comarcal de Calahorra<\/title>\n<meta name=\"description\" content=\"Asociaciones educativas incluidas dentro de la Gu\u00eda de Asociaciones de Calahorra del Consejo de la Juventud Comarcal de Calahorra\" \/>\n<meta name=\"robots\" content=\"index, follow, max-snippet:-1, max-image-preview:large, max-video-preview:-1\" \/>\n<link rel=\"canonical\" href=\"https:\/\/consejojuventudcalahorra.com\/cjcc\/guia-de-asociaciones-de-calahorra\/educativas\/\" \/>\n<meta property=\"og:locale\" content=\"es_ES\" \/>\n<meta property=\"og:type\" content=\"article\" \/>\n<meta property=\"og:title\" content=\"Educativas - Consejo de la Juventud Comarcal de Calahorra\" \/>\n<meta property=\"og:description\" content=\"Asociaciones educativas incluidas dentro de la Gu\u00eda de Asociaciones de Calahorra del Consejo de la Juventud Comarcal de Calahorra\" \/>\n<meta property=\"og:url\" content=\"https:\/\/consejojuventudcalahorra.com\/cjcc\/guia-de-asociaciones-de-calahorra\/educativas\/\" \/>\n<meta property=\"og:site_name\" content=\"Consejo de la Juventud Comarcal de Calahorra\" \/>\n<meta property=\"article:publisher\" content=\"https:\/\/www.facebook.com\/consejojuventudcalahorra\/?locale=es_ES\" \/>\n<meta property=\"article:modified_time\" content=\"2026-03-10T10:55:41+00:00\" \/>\n<meta property=\"og:image\" content=\"https:\/\/consejojuventudcalahorra.com\/cjcc\/wp-content\/uploads\/2020\/10\/consejo-juventud-calahorra-cjcc-logotipo.jpg\" \/>\n\t<meta property=\"og:image:width\" content=\"200\" \/>\n\t<meta property=\"og:image:height\" content=\"200\" \/>\n\t<meta property=\"og:image:type\" content=\"image\/jpeg\" \/>\n<meta name=\"twitter:card\" content=\"summary_large_image\" \/>\n<meta name=\"twitter:label1\" content=\"Tiempo de lectura\" \/>\n\t<meta name=\"twitter:data1\" content=\"1 minuto\" \/>\n<script type=\"application\/ld+json\" class=\"yoast-schema-graph\">{\"@context\":\"https:\\\/\\\/schema.org\",\"@graph\":[{\"@type\":\"WebPage\",\"@id\":\"https:\\\/\\\/consejojuventudcalahorra.com\\\/cjcc\\\/guia-de-asociaciones-de-calahorra\\\/educativas\\\/\",\"url\":\"https:\\\/\\\/consejojuventudcalahorra.com\\\/cjcc\\\/guia-de-asociaciones-de-calahorra\\\/educativas\\\/\",\"name\":\"Educativas - Consejo de la Juventud Comarcal de Calahorra\",\"isPartOf\":{\"@id\":\"https:\\\/\\\/consejojuventudcalahorra.com\\\/cjcc\\\/#website\"},\"primaryImageOfPage\":{\"@id\":\"https:\\\/\\\/consejojuventudcalahorra.com\\\/cjcc\\\/guia-de-asociaciones-de-calahorra\\\/educativas\\\/#primaryimage\"},\"image\":{\"@id\":\"https:\\\/\\\/consejojuventudcalahorra.com\\\/cjcc\\\/guia-de-asociaciones-de-calahorra\\\/educativas\\\/#primaryimage\"},\"thumbnailUrl\":\"https:\\\/\\\/consejojuventudcalahorra.com\\\/cjcc\\\/wp-content\\\/uploads\\\/2020\\\/10\\\/consejo-juventud-calahorra-cjcc-logotipo.jpg\",\"datePublished\":\"2017-07-14T10:08:18+00:00\",\"dateModified\":\"2026-03-10T10:55:41+00:00\",\"description\":\"Asociaciones educativas incluidas dentro de la Gu\u00eda de Asociaciones de Calahorra del Consejo de la Juventud Comarcal de Calahorra\",\"breadcrumb\":{\"@id\":\"https:\\\/\\\/consejojuventudcalahorra.com\\\/cjcc\\\/guia-de-asociaciones-de-calahorra\\\/educativas\\\/#breadcrumb\"},\"inLanguage\":\"es\",\"potentialAction\":[{\"@type\":\"ReadAction\",\"target\":[\"https:\\\/\\\/consejojuventudcalahorra.com\\\/cjcc\\\/guia-de-asociaciones-de-calahorra\\\/educativas\\\/\"]}]},{\"@type\":\"ImageObject\",\"inLanguage\":\"es\",\"@id\":\"https:\\\/\\\/consejojuventudcalahorra.com\\\/cjcc\\\/guia-de-asociaciones-de-calahorra\\\/educativas\\\/#primaryimage\",\"url\":\"https:\\\/\\\/consejojuventudcalahorra.com\\\/cjcc\\\/wp-content\\\/uploads\\\/2020\\\/10\\\/consejo-juventud-calahorra-cjcc-logotipo.jpg\",\"contentUrl\":\"https:\\\/\\\/consejojuventudcalahorra.com\\\/cjcc\\\/wp-content\\\/uploads\\\/2020\\\/10\\\/consejo-juventud-calahorra-cjcc-logotipo.jpg\",\"width\":200,\"height\":200,\"caption\":\"Logotipo\"},{\"@type\":\"BreadcrumbList\",\"@id\":\"https:\\\/\\\/consejojuventudcalahorra.com\\\/cjcc\\\/guia-de-asociaciones-de-calahorra\\\/educativas\\\/#breadcrumb\",\"itemListElement\":[{\"@type\":\"ListItem\",\"position\":1,\"name\":\"Portada\",\"item\":\"https:\\\/\\\/consejojuventudcalahorra.com\\\/cjcc\\\/\"},{\"@type\":\"ListItem\",\"position\":2,\"name\":\"Gu\u00eda de Asociaciones de Calahorra\",\"item\":\"https:\\\/\\\/consejojuventudcalahorra.com\\\/cjcc\\\/guia-de-asociaciones-de-calahorra\\\/\"},{\"@type\":\"ListItem\",\"position\":3,\"name\":\"Educativas\"}]},{\"@type\":\"WebSite\",\"@id\":\"https:\\\/\\\/consejojuventudcalahorra.com\\\/cjcc\\\/#website\",\"url\":\"https:\\\/\\\/consejojuventudcalahorra.com\\\/cjcc\\\/\",\"name\":\"Consejo de la Juventud Comarcal de Calahorra\",\"description\":\"Ser joven es ser algo m\u00e1s\",\"publisher\":{\"@id\":\"https:\\\/\\\/consejojuventudcalahorra.com\\\/cjcc\\\/#organization\"},\"potentialAction\":[{\"@type\":\"SearchAction\",\"target\":{\"@type\":\"EntryPoint\",\"urlTemplate\":\"https:\\\/\\\/consejojuventudcalahorra.com\\\/cjcc\\\/?s={search_term_string}\"},\"query-input\":{\"@type\":\"PropertyValueSpecification\",\"valueRequired\":true,\"valueName\":\"search_term_string\"}}],\"inLanguage\":\"es\"},{\"@type\":\"Organization\",\"@id\":\"https:\\\/\\\/consejojuventudcalahorra.com\\\/cjcc\\\/#organization\",\"name\":\"Consejo de la Juventud Comarcal de Calahorra\",\"url\":\"https:\\\/\\\/consejojuventudcalahorra.com\\\/cjcc\\\/\",\"logo\":{\"@type\":\"ImageObject\",\"inLanguage\":\"es\",\"@id\":\"https:\\\/\\\/consejojuventudcalahorra.com\\\/cjcc\\\/#\\\/schema\\\/logo\\\/image\\\/\",\"url\":\"https:\\\/\\\/consejojuventudcalahorra.com\\\/cjcc\\\/wp-content\\\/uploads\\\/2025\\\/09\\\/Logo-CJCC.png\",\"contentUrl\":\"https:\\\/\\\/consejojuventudcalahorra.com\\\/cjcc\\\/wp-content\\\/uploads\\\/2025\\\/09\\\/Logo-CJCC.png\",\"width\":964,\"height\":660,\"caption\":\"Consejo de la Juventud Comarcal de Calahorra\"},\"image\":{\"@id\":\"https:\\\/\\\/consejojuventudcalahorra.com\\\/cjcc\\\/#\\\/schema\\\/logo\\\/image\\\/\"},\"sameAs\":[\"https:\\\/\\\/www.facebook.com\\\/consejojuventudcalahorra\\\/?locale=es_ES\"]}]}<\/script>\n<!-- \/ Yoast SEO plugin. -->","yoast_head_json":{"title":"Educativas - Consejo de la Juventud Comarcal de Calahorra","description":"Asociaciones educativas incluidas dentro de la Gu\u00eda de Asociaciones de Calahorra del Consejo de la Juventud Comarcal de Calahorra","robots":{"index":"index","follow":"follow","max-snippet":"max-snippet:-1","max-image-preview":"max-image-preview:large","max-video-preview":"max-video-preview:-1"},"canonical":"https:\/\/consejojuventudcalahorra.com\/cjcc\/guia-de-asociaciones-de-calahorra\/educativas\/","og_locale":"es_ES","og_type":"article","og_title":"Educativas - Consejo de la Juventud Comarcal de Calahorra","og_description":"Asociaciones educativas incluidas dentro de la Gu\u00eda de Asociaciones de Calahorra del Consejo de la Juventud Comarcal de Calahorra","og_url":"https:\/\/consejojuventudcalahorra.com\/cjcc\/guia-de-asociaciones-de-calahorra\/educativas\/","og_site_name":"Consejo de la Juventud Comarcal de Calahorra","article_publisher":"https:\/\/www.facebook.com\/consejojuventudcalahorra\/?locale=es_ES","article_modified_time":"2026-03-10T10:55:41+00:00","og_image":[{"width":200,"height":200,"url":"https:\/\/consejojuventudcalahorra.com\/cjcc\/wp-content\/uploads\/2020\/10\/consejo-juventud-calahorra-cjcc-logotipo.jpg","type":"image\/jpeg"}],"twitter_card":"summary_large_image","twitter_misc":{"Tiempo de lectura":"1 minuto"},"schema":{"@context":"https:\/\/schema.org","@graph":[{"@type":"WebPage","@id":"https:\/\/consejojuventudcalahorra.com\/cjcc\/guia-de-asociaciones-de-calahorra\/educativas\/","url":"https:\/\/consejojuventudcalahorra.com\/cjcc\/guia-de-asociaciones-de-calahorra\/educativas\/","name":"Educativas - Consejo de la Juventud Comarcal de Calahorra","isPartOf":{"@id":"https:\/\/consejojuventudcalahorra.com\/cjcc\/#website"},"primaryImageOfPage":{"@id":"https:\/\/consejojuventudcalahorra.com\/cjcc\/guia-de-asociaciones-de-calahorra\/educativas\/#primaryimage"},"image":{"@id":"https:\/\/consejojuventudcalahorra.com\/cjcc\/guia-de-asociaciones-de-calahorra\/educativas\/#primaryimage"},"thumbnailUrl":"https:\/\/consejojuventudcalahorra.com\/cjcc\/wp-content\/uploads\/2020\/10\/consejo-juventud-calahorra-cjcc-logotipo.jpg","datePublished":"2017-07-14T10:08:18+00:00","dateModified":"2026-03-10T10:55:41+00:00","description":"Asociaciones educativas incluidas dentro de la Gu\u00eda de Asociaciones de Calahorra del Consejo de la Juventud Comarcal de Calahorra","breadcrumb":{"@id":"https:\/\/consejojuventudcalahorra.com\/cjcc\/guia-de-asociaciones-de-calahorra\/educativas\/#breadcrumb"},"inLanguage":"es","potentialAction":[{"@type":"ReadAction","target":["https:\/\/consejojuventudcalahorra.com\/cjcc\/guia-de-asociaciones-de-calahorra\/educativas\/"]}]},{"@type":"ImageObject","inLanguage":"es","@id":"https:\/\/consejojuventudcalahorra.com\/cjcc\/guia-de-asociaciones-de-calahorra\/educativas\/#primaryimage","url":"https:\/\/consejojuventudcalahorra.com\/cjcc\/wp-content\/uploads\/2020\/10\/consejo-juventud-calahorra-cjcc-logotipo.jpg","contentUrl":"https:\/\/consejojuventudcalahorra.com\/cjcc\/wp-content\/uploads\/2020\/10\/consejo-juventud-calahorra-cjcc-logotipo.jpg","width":200,"height":200,"caption":"Logotipo"},{"@type":"BreadcrumbList","@id":"https:\/\/consejojuventudcalahorra.com\/cjcc\/guia-de-asociaciones-de-calahorra\/educativas\/#breadcrumb","itemListElement":[{"@type":"ListItem","position":1,"name":"Portada","item":"https:\/\/consejojuventudcalahorra.com\/cjcc\/"},{"@type":"ListItem","position":2,"name":"Gu\u00eda de Asociaciones de Calahorra","item":"https:\/\/consejojuventudcalahorra.com\/cjcc\/guia-de-asociaciones-de-calahorra\/"},{"@type":"ListItem","position":3,"name":"Educativas"}]},{"@type":"WebSite","@id":"https:\/\/consejojuventudcalahorra.com\/cjcc\/#website","url":"https:\/\/consejojuventudcalahorra.com\/cjcc\/","name":"Consejo de la Juventud Comarcal de Calahorra","description":"Ser joven es ser algo m\u00e1s","publisher":{"@id":"https:\/\/consejojuventudcalahorra.com\/cjcc\/#organization"},"potentialAction":[{"@type":"SearchAction","target":{"@type":"EntryPoint","urlTemplate":"https:\/\/consejojuventudcalahorra.com\/cjcc\/?s={search_term_string}"},"query-input":{"@type":"PropertyValueSpecification","valueRequired":true,"valueName":"search_term_string"}}],"inLanguage":"es"},{"@type":"Organization","@id":"https:\/\/consejojuventudcalahorra.com\/cjcc\/#organization","name":"Consejo de la Juventud Comarcal de Calahorra","url":"https:\/\/consejojuventudcalahorra.com\/cjcc\/","logo":{"@type":"ImageObject","inLanguage":"es","@id":"https:\/\/consejojuventudcalahorra.com\/cjcc\/#\/schema\/logo\/image\/","url":"https:\/\/consejojuventudcalahorra.com\/cjcc\/wp-content\/uploads\/2025\/09\/Logo-CJCC.png","contentUrl":"https:\/\/consejojuventudcalahorra.com\/cjcc\/wp-content\/uploads\/2025\/09\/Logo-CJCC.png","width":964,"height":660,"caption":"Consejo de la Juventud Comarcal de Calahorra"},"image":{"@id":"https:\/\/consejojuventudcalahorra.com\/cjcc\/#\/schema\/logo\/image\/"},"sameAs":["https:\/\/www.facebook.com\/consejojuventudcalahorra\/?locale=es_ES"]}]}},"_links":{"self":[{"href":"https:\/\/consejojuventudcalahorra.com\/cjcc\/wp-json\/wp\/v2\/pages\/772","targetHints":{"allow":["GET"]}}],"collection":[{"href":"https:\/\/consejojuventudcalahorra.com\/cjcc\/wp-json\/wp\/v2\/pages"}],"about":[{"href":"https:\/\/consejojuventudcalahorra.com\/cjcc\/wp-json\/wp\/v2\/types\/page"}],"author":[{"embeddable":true,"href":"https:\/\/consejojuventudcalahorra.com\/cjcc\/wp-json\/wp\/v2\/users\/1"}],"replies":[{"embeddable":true,"href":"https:\/\/consejojuventudcalahorra.com\/cjcc\/wp-json\/wp\/v2\/comments?post=772"}],"version-history":[{"count":19,"href":"https:\/\/consejojuventudcalahorra.com\/cjcc\/wp-json\/wp\/v2\/pages\/772\/revisions"}],"predecessor-version":[{"id":10675,"href":"https:\/\/consejojuventudcalahorra.com\/cjcc\/wp-json\/wp\/v2\/pages\/772\/revisions\/10675"}],"up":[{"embeddable":true,"href":"https:\/\/consejojuventudcalahorra.com\/cjcc\/wp-json\/wp\/v2\/pages\/765"}],"wp:featuredmedia":[{"embeddable":true,"href":"https:\/\/consejojuventudcalahorra.com\/cjcc\/wp-json\/wp\/v2\/media\/3759"}],"wp:attachment":[{"href":"https:\/\/consejojuventudcalahorra.com\/cjcc\/wp-json\/wp\/v2\/media?parent=772"}],"curies":[{"name":"wp","href":"https:\/\/api.w.org\/{rel}","templated":true}]}}