{"id":7304,"date":"2024-07-22T08:00:17","date_gmt":"2024-07-22T08:00:17","guid":{"rendered":"https:\/\/consejojuventudcalahorra.com\/cjcc\/?page_id=7304"},"modified":"2025-07-08T09:59:48","modified_gmt":"2025-07-08T07:59:48","slug":"formacion-voluntariado","status":"publish","type":"page","link":"https:\/\/consejojuventudcalahorra.com\/cjcc\/formacion-voluntariado\/","title":{"rendered":"Formaci\u00f3n voluntariado y liderazgo"},"content":{"rendered":"<p>[et_pb_section fb_built=\u00bb1&#8243; admin_label=\u00bbSecci\u00f3n\u00bb _builder_version=\u00bb4.27.0&#8243; _module_preset=\u00bbdefault\u00bb global_colors_info=\u00bb{}\u00bb][et_pb_row column_structure=\u00bb1_2,1_2&#8243; _builder_version=\u00bb4.27.0&#8243; _module_preset=\u00bbdefault\u00bb global_colors_info=\u00bb{}\u00bb][et_pb_column type=\u00bb1_2&#8243; _builder_version=\u00bb4.27.0&#8243; _module_preset=\u00bbdefault\u00bb global_colors_info=\u00bb{}\u00bb][et_pb_heading title=\u00bbFORMACI\u00d3N VOLUNTARIADO Y LIDERAZGO\u00bb admin_label=\u00bbUNA RONDA CON ARTE JOVEN \u00bb _builder_version=\u00bb4.27.4&#8243; _module_preset=\u00bbdefault\u00bb title_level=\u00bbh2&#8243; title_font=\u00bb|700|||||||\u00bb title_text_align=\u00bbcenter\u00bb custom_padding=\u00bb11px|||||\u00bb locked=\u00bboff\u00bb global_colors_info=\u00bb{}\u00bb][\/et_pb_heading][et_pb_text _builder_version=\u00bb4.27.4&#8243; _module_preset=\u00bbdefault\u00bb global_colors_info=\u00bb{}\u00bb]<\/p>\n<p data-start=\"226\" data-end=\"504\"><strong data-start=\"226\" data-end=\"284\">El Consejo de la Juventud Comarcal de Calahorra (CJCC)<\/strong>, en colaboraci\u00f3n con la <strong data-start=\"309\" data-end=\"361\">Federaci\u00f3n Riojana de Voluntariado Social (FRVS)<\/strong>, organiza un <strong data-start=\"375\" data-end=\"393\">curso gratuito<\/strong> dirigido a personas interesadas en adquirir herramientas para la gesti\u00f3n y el liderazgo en proyectos sociales.<\/p>\n<p data-start=\"506\" data-end=\"623\">La formaci\u00f3n se desarrollar\u00e1 los d\u00edas <strong data-start=\"603\" data-end=\"635\">22, 23 y 25 de julio de 2025<\/strong>, en horario de <strong data-start=\"651\" data-end=\"674\">10:00 a 13:30 horas<\/strong>, en el <strong data-start=\"682\" data-end=\"711\">Centro Joven de Calahorra<\/strong>.<\/p>\n<p data-start=\"625\" data-end=\"836\">Bajo el t\u00edtulo <strong data-start=\"640\" data-end=\"704\">\u201cDesarrollar habilidades de liderazgo en equipos de trabajo\u201d<\/strong>, esta formaci\u00f3n tiene como objetivo <strong data-start=\"741\" data-end=\"794\">fortalecer las competencias personales y sociales<\/strong> de las personas voluntarias, a trav\u00e9s de:<\/p>\n<ul data-start=\"838\" data-end=\"1131\">\n<li data-start=\"838\" data-end=\"918\">\n<p data-start=\"840\" data-end=\"918\"><strong data-start=\"840\" data-end=\"868\">Una metodolog\u00eda pr\u00e1ctica<\/strong>, con t\u00e9cnicas de liderazgo y trabajo en equipo.<\/p>\n<\/li>\n<li data-start=\"919\" data-end=\"1042\">\n<p data-start=\"921\" data-end=\"1042\"><strong data-start=\"921\" data-end=\"967\">El desarrollo de habilidades transversales<\/strong>, como la comunicaci\u00f3n, la resoluci\u00f3n de conflictos y la cohesi\u00f3n grupal.<\/p>\n<\/li>\n<li data-start=\"1043\" data-end=\"1131\">\n<p data-start=\"1045\" data-end=\"1131\"><strong data-start=\"1045\" data-end=\"1094\">Un enfoque centrado en las relaciones humanas<\/strong>, clave para el trabajo colaborativo.<\/p>\n<\/li>\n<\/ul>\n<p data-start=\"1133\" data-end=\"1343\">Este curso forma parte de un programa subvencionado por el <strong data-start=\"1192\" data-end=\"1250\">Ministerio de Derechos Sociales, Consumo y Agenda 2030<\/strong>, el <strong data-start=\"1255\" data-end=\"1279\">Gobierno de La Rioja<\/strong> y cuenta con la colaboraci\u00f3n del <strong data-start=\"1313\" data-end=\"1342\">Ayuntamiento de Calahorra<\/strong>.<\/p>\n<p data-start=\"1345\" data-end=\"1365\"><strong data-start=\"1345\" data-end=\"1362\">Inscripciones<\/strong>:<\/p>\n<ul data-start=\"1366\" data-end=\"1556\">\n<li data-start=\"1366\" data-end=\"1438\">\n<p data-start=\"1368\" data-end=\"1438\">Federaci\u00f3n Riojana de Voluntariado Social: 941 262 953 \/ 638 298 132<\/p>\n<\/li>\n<li data-start=\"1439\" data-end=\"1483\">\n<p data-start=\"1441\" data-end=\"1483\">Correo: <a data-start=\"1449\" data-end=\"1481\" class=\"cursor-pointer\" rel=\"noopener\">info@voluntariadosocialrioja.org<\/a><\/p>\n<\/li>\n<li data-start=\"1484\" data-end=\"1556\">\n<p data-start=\"1486\" data-end=\"1556\">CJCC: WhatsApp 667 463 791 \/ <a data-start=\"1515\" data-end=\"1556\" class=\"cursor-pointer\" rel=\"noopener\">coordinacion@consejojuventudcalahorra.com<\/a><\/p>\n<\/li>\n<\/ul>\n<p>[\/et_pb_text][\/et_pb_column][et_pb_column type=\u00bb1_2&#8243; _builder_version=\u00bb4.27.0&#8243; _module_preset=\u00bbdefault\u00bb global_colors_info=\u00bb{}\u00bb][et_pb_image src=\u00bbhttps:\/\/consejojuventudcalahorra.com\/cjcc\/wp-content\/uploads\/2025\/07\/WhatsApp-Image-2025-07-07-at-14.05.03.jpeg\u00bb title_text=\u00bbWhatsApp Image 2025-07-07 at 14.05.03&#8243; admin_label=\u00bbImagen\u00bb _builder_version=\u00bb4.27.4&#8243; _module_preset=\u00bbdefault\u00bb hover_enabled=\u00bb0&#8243; global_colors_info=\u00bb{}\u00bb sticky_enabled=\u00bb0&#8243; custom_padding=\u00bb22px|||||\u00bb][\/et_pb_image][\/et_pb_column][\/et_pb_row][\/et_pb_section]<\/p>\n","protected":false},"excerpt":{"rendered":"<p>El Consejo de la Juventud Comarcal de Calahorra (CJCC), en colaboraci\u00f3n con la Federaci\u00f3n Riojana de Voluntariado Social (FRVS), organiza un curso gratuito dirigido a personas interesadas en adquirir herramientas [&hellip;]<\/p>\n","protected":false},"author":1,"featured_media":0,"parent":0,"menu_order":0,"comment_status":"closed","ping_status":"closed","template":"","meta":{"_et_pb_use_builder":"on","_et_pb_old_content":"","_et_gb_content_width":"","footnotes":""},"class_list":["post-7304","page","type-page","status-publish","hentry"],"yoast_head":"<!-- This site is optimized with the Yoast SEO plugin v27.3 - https:\/\/yoast.com\/product\/yoast-seo-wordpress\/ -->\n<title>Formaci\u00f3n voluntariado y liderazgo - Consejo de la Juventud Comarcal de Calahorra<\/title>\n<meta name=\"description\" content=\"Curso de voluntariado y liderazgo gratuito en el Centro Joven de Calahorra organizado por el Consejo de la Juventud Calagurritana\" \/>\n<meta name=\"robots\" content=\"index, follow, max-snippet:-1, max-image-preview:large, max-video-preview:-1\" \/>\n<link rel=\"canonical\" href=\"https:\/\/consejojuventudcalahorra.com\/cjcc\/formacion-voluntariado\/\" \/>\n<meta property=\"og:locale\" content=\"es_ES\" \/>\n<meta property=\"og:type\" content=\"article\" \/>\n<meta property=\"og:title\" content=\"Formaci\u00f3n voluntariado y liderazgo - Consejo de la Juventud Comarcal de Calahorra\" \/>\n<meta property=\"og:description\" content=\"Curso de voluntariado y liderazgo gratuito en el Centro Joven de Calahorra organizado por el Consejo de la Juventud Calagurritana\" \/>\n<meta property=\"og:url\" content=\"https:\/\/consejojuventudcalahorra.com\/cjcc\/formacion-voluntariado\/\" \/>\n<meta property=\"og:site_name\" content=\"Consejo de la Juventud Comarcal de Calahorra\" \/>\n<meta property=\"article:modified_time\" content=\"2025-07-08T07:59:48+00:00\" \/>\n<meta name=\"twitter:card\" content=\"summary_large_image\" \/>\n<meta name=\"twitter:label1\" content=\"Tiempo de lectura\" \/>\n\t<meta name=\"twitter:data1\" content=\"2 minutos\" \/>\n<script type=\"application\/ld+json\" class=\"yoast-schema-graph\">{\"@context\":\"https:\\\/\\\/schema.org\",\"@graph\":[{\"@type\":\"WebPage\",\"@id\":\"https:\\\/\\\/consejojuventudcalahorra.com\\\/cjcc\\\/formacion-voluntariado\\\/\",\"url\":\"https:\\\/\\\/consejojuventudcalahorra.com\\\/cjcc\\\/formacion-voluntariado\\\/\",\"name\":\"Formaci\u00f3n voluntariado y liderazgo - Consejo de la Juventud Comarcal de Calahorra\",\"isPartOf\":{\"@id\":\"https:\\\/\\\/consejojuventudcalahorra.com\\\/cjcc\\\/#website\"},\"datePublished\":\"2024-07-22T08:00:17+00:00\",\"dateModified\":\"2025-07-08T07:59:48+00:00\",\"description\":\"Curso de voluntariado y liderazgo gratuito en el Centro Joven de Calahorra organizado por el Consejo de la Juventud Calagurritana\",\"breadcrumb\":{\"@id\":\"https:\\\/\\\/consejojuventudcalahorra.com\\\/cjcc\\\/formacion-voluntariado\\\/#breadcrumb\"},\"inLanguage\":\"es\",\"potentialAction\":[{\"@type\":\"ReadAction\",\"target\":[\"https:\\\/\\\/consejojuventudcalahorra.com\\\/cjcc\\\/formacion-voluntariado\\\/\"]}]},{\"@type\":\"BreadcrumbList\",\"@id\":\"https:\\\/\\\/consejojuventudcalahorra.com\\\/cjcc\\\/formacion-voluntariado\\\/#breadcrumb\",\"itemListElement\":[{\"@type\":\"ListItem\",\"position\":1,\"name\":\"Portada\",\"item\":\"https:\\\/\\\/consejojuventudcalahorra.com\\\/cjcc\\\/\"},{\"@type\":\"ListItem\",\"position\":2,\"name\":\"Formaci\u00f3n voluntariado y liderazgo\"}]},{\"@type\":\"WebSite\",\"@id\":\"https:\\\/\\\/consejojuventudcalahorra.com\\\/cjcc\\\/#website\",\"url\":\"https:\\\/\\\/consejojuventudcalahorra.com\\\/cjcc\\\/\",\"name\":\"Consejo de la Juventud Comarcal de Calahorra\",\"description\":\"Ser joven es ser algo m\u00e1s\",\"potentialAction\":[{\"@type\":\"SearchAction\",\"target\":{\"@type\":\"EntryPoint\",\"urlTemplate\":\"https:\\\/\\\/consejojuventudcalahorra.com\\\/cjcc\\\/?s={search_term_string}\"},\"query-input\":{\"@type\":\"PropertyValueSpecification\",\"valueRequired\":true,\"valueName\":\"search_term_string\"}}],\"inLanguage\":\"es\"}]}<\/script>\n<!-- \/ Yoast SEO plugin. -->","yoast_head_json":{"title":"Formaci\u00f3n voluntariado y liderazgo - Consejo de la Juventud Comarcal de Calahorra","description":"Curso de voluntariado y liderazgo gratuito en el Centro Joven de Calahorra organizado por el Consejo de la Juventud Calagurritana","robots":{"index":"index","follow":"follow","max-snippet":"max-snippet:-1","max-image-preview":"max-image-preview:large","max-video-preview":"max-video-preview:-1"},"canonical":"https:\/\/consejojuventudcalahorra.com\/cjcc\/formacion-voluntariado\/","og_locale":"es_ES","og_type":"article","og_title":"Formaci\u00f3n voluntariado y liderazgo - Consejo de la Juventud Comarcal de Calahorra","og_description":"Curso de voluntariado y liderazgo gratuito en el Centro Joven de Calahorra organizado por el Consejo de la Juventud Calagurritana","og_url":"https:\/\/consejojuventudcalahorra.com\/cjcc\/formacion-voluntariado\/","og_site_name":"Consejo de la Juventud Comarcal de Calahorra","article_modified_time":"2025-07-08T07:59:48+00:00","twitter_card":"summary_large_image","twitter_misc":{"Tiempo de lectura":"2 minutos"},"schema":{"@context":"https:\/\/schema.org","@graph":[{"@type":"WebPage","@id":"https:\/\/consejojuventudcalahorra.com\/cjcc\/formacion-voluntariado\/","url":"https:\/\/consejojuventudcalahorra.com\/cjcc\/formacion-voluntariado\/","name":"Formaci\u00f3n voluntariado y liderazgo - Consejo de la Juventud Comarcal de Calahorra","isPartOf":{"@id":"https:\/\/consejojuventudcalahorra.com\/cjcc\/#website"},"datePublished":"2024-07-22T08:00:17+00:00","dateModified":"2025-07-08T07:59:48+00:00","description":"Curso de voluntariado y liderazgo gratuito en el Centro Joven de Calahorra organizado por el Consejo de la Juventud Calagurritana","breadcrumb":{"@id":"https:\/\/consejojuventudcalahorra.com\/cjcc\/formacion-voluntariado\/#breadcrumb"},"inLanguage":"es","potentialAction":[{"@type":"ReadAction","target":["https:\/\/consejojuventudcalahorra.com\/cjcc\/formacion-voluntariado\/"]}]},{"@type":"BreadcrumbList","@id":"https:\/\/consejojuventudcalahorra.com\/cjcc\/formacion-voluntariado\/#breadcrumb","itemListElement":[{"@type":"ListItem","position":1,"name":"Portada","item":"https:\/\/consejojuventudcalahorra.com\/cjcc\/"},{"@type":"ListItem","position":2,"name":"Formaci\u00f3n voluntariado y liderazgo"}]},{"@type":"WebSite","@id":"https:\/\/consejojuventudcalahorra.com\/cjcc\/#website","url":"https:\/\/consejojuventudcalahorra.com\/cjcc\/","name":"Consejo de la Juventud Comarcal de Calahorra","description":"Ser joven es ser algo m\u00e1s","potentialAction":[{"@type":"SearchAction","target":{"@type":"EntryPoint","urlTemplate":"https:\/\/consejojuventudcalahorra.com\/cjcc\/?s={search_term_string}"},"query-input":{"@type":"PropertyValueSpecification","valueRequired":true,"valueName":"search_term_string"}}],"inLanguage":"es"}]}},"_links":{"self":[{"href":"https:\/\/consejojuventudcalahorra.com\/cjcc\/wp-json\/wp\/v2\/pages\/7304","targetHints":{"allow":["GET"]}}],"collection":[{"href":"https:\/\/consejojuventudcalahorra.com\/cjcc\/wp-json\/wp\/v2\/pages"}],"about":[{"href":"https:\/\/consejojuventudcalahorra.com\/cjcc\/wp-json\/wp\/v2\/types\/page"}],"author":[{"embeddable":true,"href":"https:\/\/consejojuventudcalahorra.com\/cjcc\/wp-json\/wp\/v2\/users\/1"}],"replies":[{"embeddable":true,"href":"https:\/\/consejojuventudcalahorra.com\/cjcc\/wp-json\/wp\/v2\/comments?post=7304"}],"version-history":[{"count":17,"href":"https:\/\/consejojuventudcalahorra.com\/cjcc\/wp-json\/wp\/v2\/pages\/7304\/revisions"}],"predecessor-version":[{"id":9391,"href":"https:\/\/consejojuventudcalahorra.com\/cjcc\/wp-json\/wp\/v2\/pages\/7304\/revisions\/9391"}],"wp:attachment":[{"href":"https:\/\/consejojuventudcalahorra.com\/cjcc\/wp-json\/wp\/v2\/media?parent=7304"}],"curies":[{"name":"wp","href":"https:\/\/api.w.org\/{rel}","templated":true}]}}