{"id":4795,"date":"2021-01-15T18:24:43","date_gmt":"2021-01-15T18:24:43","guid":{"rendered":"http:\/\/consejojuventudcalahorra.com\/cjcc\/?page_id=4795"},"modified":"2026-03-26T10:18:05","modified_gmt":"2026-03-26T09:18:05","slug":"otras","status":"publish","type":"page","link":"https:\/\/consejojuventudcalahorra.com\/cjcc\/guia-de-asociaciones-de-calahorra\/otras\/","title":{"rendered":"Otras"},"content":{"rendered":"<p>[et_pb_section fb_built=\u00bb1&#8243; _builder_version=\u00bb4.27.6&#8243; background_color=\u00bb#FFFFFF\u00bb global_colors_info=\u00bb{}\u00bb][et_pb_row _builder_version=\u00bb4.16&#8243; background_size=\u00bbinitial\u00bb background_position=\u00bbtop_left\u00bb background_repeat=\u00bbrepeat\u00bb global_colors_info=\u00bb{}\u00bb][et_pb_column type=\u00bb4_4&#8243; _builder_version=\u00bb4.16&#8243; custom_padding=\u00bb|||\u00bb global_colors_info=\u00bb{}\u00bb custom_padding__hover=\u00bb|||\u00bb][et_pb_text admin_label=\u00bbotras\u00bb _builder_version=\u00bb4.16&#8243; _module_preset=\u00bbdefault\u00bb header_font=\u00bb|700|||||||\u00bb header_text_color=\u00bb#8dbc98&#8243; header_font_size=\u00bb35px\u00bb global_colors_info=\u00bb{}\u00bb]<\/p>\n<h1>Otras<\/h1>\n<p>[\/et_pb_text][et_pb_text admin_label=\u00bbTexto lista de asociaciones\u00bb _builder_version=\u00bb4.27.6&#8243; text_font=\u00bb||||||||\u00bb background_size=\u00bbinitial\u00bb background_position=\u00bbtop_left\u00bb background_repeat=\u00bbrepeat\u00bb hover_enabled=\u00bb0&#8243; global_colors_info=\u00bb{}\u00bb sticky_enabled=\u00bb0&#8243;]<\/p>\n<ul>\n<li><a href=\"https:\/\/consejojuventudcalahorra.com\/cjcc\/guia-de-asociaciones-de-calahorra\/otras\/red-ayuda-animal\/\">Red Ayuda Animal<\/a><\/li>\n<li><a href=\"https:\/\/consejojuventudcalahorra.com\/cjcc\/guia-de-asociaciones-de-calahorra\/otras\/calahorra-ciudad-comecial\/\">Calahorra Ciudad Comecial<\/a><\/li>\n<li><a href=\"https:\/\/consejojuventudcalahorra.com\/cjcc\/guia-de-asociaciones-de-calahorra\/otras\/union-general-de-trabajadores-ugt\/\">Uni\u00f3n General de Trabajadores (UGT)<\/a><\/li>\n<li><a href=\"https:\/\/consejojuventudcalahorra.com\/cjcc\/guia-de-asociaciones-de-calahorra\/otras\/csif-la-rioja\/\">CSIF La Rioja<\/a><\/li>\n<li><a href=\"https:\/\/consejojuventudcalahorra.com\/cjcc\/guia-de-asociaciones-de-calahorra\/otras\/union-comarcal-cc-oo-calahorra\/\">Uni\u00f3n Comarcal CC.OO Calahorra<\/a><\/li>\n<li><a href=\"https:\/\/consejojuventudcalahorra.com\/cjcc\/guia-de-asociaciones-de-calahorra\/otras\/asociacion-el-fogon\/\">Asociaci\u00f3n El Fog\u00f3n<\/a><\/li>\n<li><a href=\"https:\/\/consejojuventudcalahorra.com\/cjcc\/guia-de-asociaciones-de-calahorra\/otras\/sociedad-cinofila-riojana\/\">Sociedad Cin\u00f3fila Riojana<\/a><\/li>\n<li><a href=\"https:\/\/consejojuventudcalahorra.com\/cjcc\/guia-de-asociaciones-de-calahorra\/otras\/asociacion-de-comerciantes-de-la-plaza-de-abastos\/\">Asociaci\u00f3n de Comerciantes de la Plaza de Abastos<\/a><\/li>\n<li><a href=\"https:\/\/consejojuventudcalahorra.com\/cjcc\/guia-de-asociaciones-de-calahorra\/otras\/union-de-agricultores-y-ganaderos-de-la-rioja\/\">Uni\u00f3n de Agricultores y Ganaderos de La Rioja<\/a><\/li>\n<li><a href=\"https:\/\/consejojuventudcalahorra.com\/cjcc\/guia-de-asociaciones-de-calahorra\/otras\/ecologistas-en-accion\/\">Ecologistas en Acci\u00f3n<\/a><\/li>\n<li><a href=\"https:\/\/consejojuventudcalahorra.com\/cjcc\/guia-de-asociaciones-de-calahorra\/otras\/amigos-de-la-tierra\/\">Amigos de La Tierra<\/a><\/li>\n<li><a href=\"https:\/\/consejojuventudcalahorra.com\/cjcc\/guia-de-asociaciones-de-calahorra\/otras\/asociacion-activa\/\">Asociaci\u00f3n Actiba<\/a><\/li>\n<li><a href=\"https:\/\/consejojuventudcalahorra.com\/cjcc\/guia-de-asociaciones-de-calahorra\/otras\/asociacion-de-desarrollo-del-alto-del-ebro\/\">Asociaci\u00f3n de Desarrollo del Alto del Ebro<\/a><\/li>\n<li><a href=\"https:\/\/consejojuventudcalahorra.com\/cjcc\/guia-de-asociaciones-de-calahorra\/otras\/asociacion-de-vendedores-de-calahorra\/\">Asociaci\u00f3n de Vendedores de Calahorra<\/a><\/li>\n<li><a href=\"https:\/\/consejojuventudcalahorra.com\/cjcc\/guia-de-asociaciones-de-calahorra\/otras\/asociacion-protectora-de-animales-en-la-rioja\/\">Asociaci\u00f3n protectora de Animales en La Rioja<\/a><\/li>\n<li><a href=\"https:\/\/consejojuventudcalahorra.com\/cjcc\/guia-de-asociaciones-de-calahorra\/otras\/asociacion-ecologista-de-calahorra\/\">Asociaci\u00f3n Ecologista de Calahorra<\/a><\/li>\n<li><a href=\"https:\/\/consejojuventudcalahorra.com\/cjcc\/guia-de-asociaciones-de-calahorra\/otras\/freca-fondo-riojano-para-el-estudio-y-la-conservacion-ambiental-ecologistas-en-accion\/\">FRECA Fondo Riojano para el Estudio y la Conservaci\u00f3n Ambiental &#8211; Ecologistas en Acci\u00f3n<\/a><\/li>\n<li><a href=\"https:\/\/consejojuventudcalahorra.com\/cjcc\/guia-de-asociaciones-de-calahorra\/otras\/uso-union-sindical-obrera\/\">USO &#8211; Uni\u00f3n Sindical Obrera<\/a><\/li>\n<\/ul>\n<p>[\/et_pb_text][\/et_pb_column][\/et_pb_row][\/et_pb_section]<\/p>\n","protected":false},"excerpt":{"rendered":"<p>Otras Red Ayuda Animal Calahorra Ciudad Comecial Uni\u00f3n General de Trabajadores (UGT) CSIF La Rioja Uni\u00f3n Comarcal CC.OO Calahorra Asociaci\u00f3n El Fog\u00f3n Sociedad Cin\u00f3fila Riojana Asociaci\u00f3n de Comerciantes de la [&hellip;]<\/p>\n","protected":false},"author":1,"featured_media":3759,"parent":765,"menu_order":0,"comment_status":"closed","ping_status":"closed","template":"","meta":{"_et_pb_use_builder":"on","_et_pb_old_content":"","_et_gb_content_width":"","footnotes":""},"class_list":["post-4795","page","type-page","status-publish","has-post-thumbnail","hentry"],"yoast_head":"<!-- This site is optimized with the Yoast SEO plugin v27.4 - https:\/\/yoast.com\/product\/yoast-seo-wordpress\/ -->\n<title>Otras - Consejo de la Juventud Comarcal de Calahorra<\/title>\n<meta name=\"description\" content=\"Asociaciones dentro de la Gu\u00eda de Asociaciones de Calahorra del Consejo de la Juventud Comarcal de Calahorra\" \/>\n<meta name=\"robots\" content=\"index, follow, max-snippet:-1, max-image-preview:large, max-video-preview:-1\" \/>\n<link rel=\"canonical\" href=\"https:\/\/consejojuventudcalahorra.com\/cjcc\/guia-de-asociaciones-de-calahorra\/otras\/\" \/>\n<meta property=\"og:locale\" content=\"es_ES\" \/>\n<meta property=\"og:type\" content=\"article\" \/>\n<meta property=\"og:title\" content=\"Otras - Consejo de la Juventud Comarcal de Calahorra\" \/>\n<meta property=\"og:description\" content=\"Asociaciones dentro de la Gu\u00eda de Asociaciones de Calahorra del Consejo de la Juventud Comarcal de Calahorra\" \/>\n<meta property=\"og:url\" content=\"https:\/\/consejojuventudcalahorra.com\/cjcc\/guia-de-asociaciones-de-calahorra\/otras\/\" \/>\n<meta property=\"og:site_name\" content=\"Consejo de la Juventud Comarcal de Calahorra\" \/>\n<meta property=\"article:publisher\" content=\"https:\/\/www.facebook.com\/consejojuventudcalahorra\/?locale=es_ES\" \/>\n<meta property=\"article:modified_time\" content=\"2026-03-26T09:18:05+00:00\" \/>\n<meta property=\"og:image\" content=\"https:\/\/consejojuventudcalahorra.com\/cjcc\/wp-content\/uploads\/2020\/10\/consejo-juventud-calahorra-cjcc-logotipo.jpg\" \/>\n\t<meta property=\"og:image:width\" content=\"200\" \/>\n\t<meta property=\"og:image:height\" content=\"200\" \/>\n\t<meta property=\"og:image:type\" content=\"image\/jpeg\" \/>\n<meta name=\"twitter:card\" content=\"summary_large_image\" \/>\n<meta name=\"twitter:label1\" content=\"Tiempo de lectura\" \/>\n\t<meta name=\"twitter:data1\" content=\"1 minuto\" \/>\n<script type=\"application\/ld+json\" class=\"yoast-schema-graph\">{\"@context\":\"https:\\\/\\\/schema.org\",\"@graph\":[{\"@type\":\"WebPage\",\"@id\":\"https:\\\/\\\/consejojuventudcalahorra.com\\\/cjcc\\\/guia-de-asociaciones-de-calahorra\\\/otras\\\/\",\"url\":\"https:\\\/\\\/consejojuventudcalahorra.com\\\/cjcc\\\/guia-de-asociaciones-de-calahorra\\\/otras\\\/\",\"name\":\"Otras - Consejo de la Juventud Comarcal de Calahorra\",\"isPartOf\":{\"@id\":\"https:\\\/\\\/consejojuventudcalahorra.com\\\/cjcc\\\/#website\"},\"primaryImageOfPage\":{\"@id\":\"https:\\\/\\\/consejojuventudcalahorra.com\\\/cjcc\\\/guia-de-asociaciones-de-calahorra\\\/otras\\\/#primaryimage\"},\"image\":{\"@id\":\"https:\\\/\\\/consejojuventudcalahorra.com\\\/cjcc\\\/guia-de-asociaciones-de-calahorra\\\/otras\\\/#primaryimage\"},\"thumbnailUrl\":\"https:\\\/\\\/consejojuventudcalahorra.com\\\/cjcc\\\/wp-content\\\/uploads\\\/2020\\\/10\\\/consejo-juventud-calahorra-cjcc-logotipo.jpg\",\"datePublished\":\"2021-01-15T18:24:43+00:00\",\"dateModified\":\"2026-03-26T09:18:05+00:00\",\"description\":\"Asociaciones dentro de la Gu\u00eda de Asociaciones de Calahorra del Consejo de la Juventud Comarcal de Calahorra\",\"breadcrumb\":{\"@id\":\"https:\\\/\\\/consejojuventudcalahorra.com\\\/cjcc\\\/guia-de-asociaciones-de-calahorra\\\/otras\\\/#breadcrumb\"},\"inLanguage\":\"es\",\"potentialAction\":[{\"@type\":\"ReadAction\",\"target\":[\"https:\\\/\\\/consejojuventudcalahorra.com\\\/cjcc\\\/guia-de-asociaciones-de-calahorra\\\/otras\\\/\"]}]},{\"@type\":\"ImageObject\",\"inLanguage\":\"es\",\"@id\":\"https:\\\/\\\/consejojuventudcalahorra.com\\\/cjcc\\\/guia-de-asociaciones-de-calahorra\\\/otras\\\/#primaryimage\",\"url\":\"https:\\\/\\\/consejojuventudcalahorra.com\\\/cjcc\\\/wp-content\\\/uploads\\\/2020\\\/10\\\/consejo-juventud-calahorra-cjcc-logotipo.jpg\",\"contentUrl\":\"https:\\\/\\\/consejojuventudcalahorra.com\\\/cjcc\\\/wp-content\\\/uploads\\\/2020\\\/10\\\/consejo-juventud-calahorra-cjcc-logotipo.jpg\",\"width\":200,\"height\":200,\"caption\":\"Logotipo\"},{\"@type\":\"BreadcrumbList\",\"@id\":\"https:\\\/\\\/consejojuventudcalahorra.com\\\/cjcc\\\/guia-de-asociaciones-de-calahorra\\\/otras\\\/#breadcrumb\",\"itemListElement\":[{\"@type\":\"ListItem\",\"position\":1,\"name\":\"Portada\",\"item\":\"https:\\\/\\\/consejojuventudcalahorra.com\\\/cjcc\\\/\"},{\"@type\":\"ListItem\",\"position\":2,\"name\":\"Gu\u00eda de Asociaciones de Calahorra\",\"item\":\"https:\\\/\\\/consejojuventudcalahorra.com\\\/cjcc\\\/guia-de-asociaciones-de-calahorra\\\/\"},{\"@type\":\"ListItem\",\"position\":3,\"name\":\"Otras\"}]},{\"@type\":\"WebSite\",\"@id\":\"https:\\\/\\\/consejojuventudcalahorra.com\\\/cjcc\\\/#website\",\"url\":\"https:\\\/\\\/consejojuventudcalahorra.com\\\/cjcc\\\/\",\"name\":\"Consejo de la Juventud Comarcal de Calahorra\",\"description\":\"Ser joven es ser algo m\u00e1s\",\"publisher\":{\"@id\":\"https:\\\/\\\/consejojuventudcalahorra.com\\\/cjcc\\\/#organization\"},\"potentialAction\":[{\"@type\":\"SearchAction\",\"target\":{\"@type\":\"EntryPoint\",\"urlTemplate\":\"https:\\\/\\\/consejojuventudcalahorra.com\\\/cjcc\\\/?s={search_term_string}\"},\"query-input\":{\"@type\":\"PropertyValueSpecification\",\"valueRequired\":true,\"valueName\":\"search_term_string\"}}],\"inLanguage\":\"es\"},{\"@type\":\"Organization\",\"@id\":\"https:\\\/\\\/consejojuventudcalahorra.com\\\/cjcc\\\/#organization\",\"name\":\"Consejo de la Juventud Comarcal de Calahorra\",\"url\":\"https:\\\/\\\/consejojuventudcalahorra.com\\\/cjcc\\\/\",\"logo\":{\"@type\":\"ImageObject\",\"inLanguage\":\"es\",\"@id\":\"https:\\\/\\\/consejojuventudcalahorra.com\\\/cjcc\\\/#\\\/schema\\\/logo\\\/image\\\/\",\"url\":\"https:\\\/\\\/consejojuventudcalahorra.com\\\/cjcc\\\/wp-content\\\/uploads\\\/2025\\\/09\\\/Logo-CJCC.png\",\"contentUrl\":\"https:\\\/\\\/consejojuventudcalahorra.com\\\/cjcc\\\/wp-content\\\/uploads\\\/2025\\\/09\\\/Logo-CJCC.png\",\"width\":964,\"height\":660,\"caption\":\"Consejo de la Juventud Comarcal de Calahorra\"},\"image\":{\"@id\":\"https:\\\/\\\/consejojuventudcalahorra.com\\\/cjcc\\\/#\\\/schema\\\/logo\\\/image\\\/\"},\"sameAs\":[\"https:\\\/\\\/www.facebook.com\\\/consejojuventudcalahorra\\\/?locale=es_ES\"]}]}<\/script>\n<!-- \/ Yoast SEO plugin. -->","yoast_head_json":{"title":"Otras - Consejo de la Juventud Comarcal de Calahorra","description":"Asociaciones dentro de la Gu\u00eda de Asociaciones de Calahorra del Consejo de la Juventud Comarcal de Calahorra","robots":{"index":"index","follow":"follow","max-snippet":"max-snippet:-1","max-image-preview":"max-image-preview:large","max-video-preview":"max-video-preview:-1"},"canonical":"https:\/\/consejojuventudcalahorra.com\/cjcc\/guia-de-asociaciones-de-calahorra\/otras\/","og_locale":"es_ES","og_type":"article","og_title":"Otras - Consejo de la Juventud Comarcal de Calahorra","og_description":"Asociaciones dentro de la Gu\u00eda de Asociaciones de Calahorra del Consejo de la Juventud Comarcal de Calahorra","og_url":"https:\/\/consejojuventudcalahorra.com\/cjcc\/guia-de-asociaciones-de-calahorra\/otras\/","og_site_name":"Consejo de la Juventud Comarcal de Calahorra","article_publisher":"https:\/\/www.facebook.com\/consejojuventudcalahorra\/?locale=es_ES","article_modified_time":"2026-03-26T09:18:05+00:00","og_image":[{"width":200,"height":200,"url":"https:\/\/consejojuventudcalahorra.com\/cjcc\/wp-content\/uploads\/2020\/10\/consejo-juventud-calahorra-cjcc-logotipo.jpg","type":"image\/jpeg"}],"twitter_card":"summary_large_image","twitter_misc":{"Tiempo de lectura":"1 minuto"},"schema":{"@context":"https:\/\/schema.org","@graph":[{"@type":"WebPage","@id":"https:\/\/consejojuventudcalahorra.com\/cjcc\/guia-de-asociaciones-de-calahorra\/otras\/","url":"https:\/\/consejojuventudcalahorra.com\/cjcc\/guia-de-asociaciones-de-calahorra\/otras\/","name":"Otras - Consejo de la Juventud Comarcal de Calahorra","isPartOf":{"@id":"https:\/\/consejojuventudcalahorra.com\/cjcc\/#website"},"primaryImageOfPage":{"@id":"https:\/\/consejojuventudcalahorra.com\/cjcc\/guia-de-asociaciones-de-calahorra\/otras\/#primaryimage"},"image":{"@id":"https:\/\/consejojuventudcalahorra.com\/cjcc\/guia-de-asociaciones-de-calahorra\/otras\/#primaryimage"},"thumbnailUrl":"https:\/\/consejojuventudcalahorra.com\/cjcc\/wp-content\/uploads\/2020\/10\/consejo-juventud-calahorra-cjcc-logotipo.jpg","datePublished":"2021-01-15T18:24:43+00:00","dateModified":"2026-03-26T09:18:05+00:00","description":"Asociaciones dentro de la Gu\u00eda de Asociaciones de Calahorra del Consejo de la Juventud Comarcal de Calahorra","breadcrumb":{"@id":"https:\/\/consejojuventudcalahorra.com\/cjcc\/guia-de-asociaciones-de-calahorra\/otras\/#breadcrumb"},"inLanguage":"es","potentialAction":[{"@type":"ReadAction","target":["https:\/\/consejojuventudcalahorra.com\/cjcc\/guia-de-asociaciones-de-calahorra\/otras\/"]}]},{"@type":"ImageObject","inLanguage":"es","@id":"https:\/\/consejojuventudcalahorra.com\/cjcc\/guia-de-asociaciones-de-calahorra\/otras\/#primaryimage","url":"https:\/\/consejojuventudcalahorra.com\/cjcc\/wp-content\/uploads\/2020\/10\/consejo-juventud-calahorra-cjcc-logotipo.jpg","contentUrl":"https:\/\/consejojuventudcalahorra.com\/cjcc\/wp-content\/uploads\/2020\/10\/consejo-juventud-calahorra-cjcc-logotipo.jpg","width":200,"height":200,"caption":"Logotipo"},{"@type":"BreadcrumbList","@id":"https:\/\/consejojuventudcalahorra.com\/cjcc\/guia-de-asociaciones-de-calahorra\/otras\/#breadcrumb","itemListElement":[{"@type":"ListItem","position":1,"name":"Portada","item":"https:\/\/consejojuventudcalahorra.com\/cjcc\/"},{"@type":"ListItem","position":2,"name":"Gu\u00eda de Asociaciones de Calahorra","item":"https:\/\/consejojuventudcalahorra.com\/cjcc\/guia-de-asociaciones-de-calahorra\/"},{"@type":"ListItem","position":3,"name":"Otras"}]},{"@type":"WebSite","@id":"https:\/\/consejojuventudcalahorra.com\/cjcc\/#website","url":"https:\/\/consejojuventudcalahorra.com\/cjcc\/","name":"Consejo de la Juventud Comarcal de Calahorra","description":"Ser joven es ser algo m\u00e1s","publisher":{"@id":"https:\/\/consejojuventudcalahorra.com\/cjcc\/#organization"},"potentialAction":[{"@type":"SearchAction","target":{"@type":"EntryPoint","urlTemplate":"https:\/\/consejojuventudcalahorra.com\/cjcc\/?s={search_term_string}"},"query-input":{"@type":"PropertyValueSpecification","valueRequired":true,"valueName":"search_term_string"}}],"inLanguage":"es"},{"@type":"Organization","@id":"https:\/\/consejojuventudcalahorra.com\/cjcc\/#organization","name":"Consejo de la Juventud Comarcal de Calahorra","url":"https:\/\/consejojuventudcalahorra.com\/cjcc\/","logo":{"@type":"ImageObject","inLanguage":"es","@id":"https:\/\/consejojuventudcalahorra.com\/cjcc\/#\/schema\/logo\/image\/","url":"https:\/\/consejojuventudcalahorra.com\/cjcc\/wp-content\/uploads\/2025\/09\/Logo-CJCC.png","contentUrl":"https:\/\/consejojuventudcalahorra.com\/cjcc\/wp-content\/uploads\/2025\/09\/Logo-CJCC.png","width":964,"height":660,"caption":"Consejo de la Juventud Comarcal de Calahorra"},"image":{"@id":"https:\/\/consejojuventudcalahorra.com\/cjcc\/#\/schema\/logo\/image\/"},"sameAs":["https:\/\/www.facebook.com\/consejojuventudcalahorra\/?locale=es_ES"]}]}},"_links":{"self":[{"href":"https:\/\/consejojuventudcalahorra.com\/cjcc\/wp-json\/wp\/v2\/pages\/4795","targetHints":{"allow":["GET"]}}],"collection":[{"href":"https:\/\/consejojuventudcalahorra.com\/cjcc\/wp-json\/wp\/v2\/pages"}],"about":[{"href":"https:\/\/consejojuventudcalahorra.com\/cjcc\/wp-json\/wp\/v2\/types\/page"}],"author":[{"embeddable":true,"href":"https:\/\/consejojuventudcalahorra.com\/cjcc\/wp-json\/wp\/v2\/users\/1"}],"replies":[{"embeddable":true,"href":"https:\/\/consejojuventudcalahorra.com\/cjcc\/wp-json\/wp\/v2\/comments?post=4795"}],"version-history":[{"count":19,"href":"https:\/\/consejojuventudcalahorra.com\/cjcc\/wp-json\/wp\/v2\/pages\/4795\/revisions"}],"predecessor-version":[{"id":11120,"href":"https:\/\/consejojuventudcalahorra.com\/cjcc\/wp-json\/wp\/v2\/pages\/4795\/revisions\/11120"}],"up":[{"embeddable":true,"href":"https:\/\/consejojuventudcalahorra.com\/cjcc\/wp-json\/wp\/v2\/pages\/765"}],"wp:featuredmedia":[{"embeddable":true,"href":"https:\/\/consejojuventudcalahorra.com\/cjcc\/wp-json\/wp\/v2\/media\/3759"}],"wp:attachment":[{"href":"https:\/\/consejojuventudcalahorra.com\/cjcc\/wp-json\/wp\/v2\/media?parent=4795"}],"curies":[{"name":"wp","href":"https:\/\/api.w.org\/{rel}","templated":true}]}}