{"id":4734,"date":"2021-01-15T17:36:54","date_gmt":"2021-01-15T17:36:54","guid":{"rendered":"http:\/\/consejojuventudcalahorra.com\/cjcc\/?page_id=4734"},"modified":"2021-01-15T17:36:57","modified_gmt":"2021-01-15T17:36:57","slug":"asociacion-belen-viviente","status":"publish","type":"page","link":"https:\/\/consejojuventudcalahorra.com\/cjcc\/guia-de-asociaciones-de-calahorra\/culturales\/asociacion-belen-viviente\/","title":{"rendered":"Asociaci\u00f3n Bel\u00e9n Viviente"},"content":{"rendered":"<p>[et_pb_section fb_built=\u00bb1&#8243; _builder_version=\u00bb4.6.6&#8243; _module_preset=\u00bbdefault\u00bb background_image=\u00bbhttp:\/\/consejojuventudcalahorra.com\/cjcc\/wp-content\/uploads\/2020\/12\/consejo-juventud-calahorra-cjcc-guia-asociaciones-cultural.jpg\u00bb][et_pb_row _builder_version=\u00bb4.6.6&#8243; _module_preset=\u00bbdefault\u00bb background_enable_image=\u00bboff\u00bb][et_pb_column type=\u00bb4_4&#8243; _builder_version=\u00bb4.6.6&#8243; _module_preset=\u00bbdefault\u00bb][et_pb_text admin_label=\u00bbASOCIACI\u00d3N DE BAILES DE SAL\u00d3N\u00bb _builder_version=\u00bb4.6.6&#8243; _module_preset=\u00bbdefault\u00bb text_font_size=\u00bb20px\u00bb header_font=\u00bb|700|||||||\u00bb header_text_align=\u00bbcenter\u00bb header_text_color=\u00bb#ffffff\u00bb hover_enabled=\u00bb0&#8243; sticky_enabled=\u00bb0&#8243;]<\/p>\n<h1>ASOCIACI\u00d3N BEL\u00c9N VIVIENTE<\/h1>\n<p>[\/et_pb_text][\/et_pb_column][\/et_pb_row][\/et_pb_section][et_pb_section fb_built=\u00bb1&#8243; _builder_version=\u00bb4.6.6&#8243; _module_preset=\u00bbdefault\u00bb background_enable_image=\u00bboff\u00bb][et_pb_row _builder_version=\u00bb4.6.6&#8243; _module_preset=\u00bbdefault\u00bb][et_pb_column type=\u00bb4_4&#8243; _builder_version=\u00bb4.6.6&#8243; _module_preset=\u00bbdefault\u00bb][et_pb_text admin_label=\u00bbActividades\u00bb _builder_version=\u00bb4.6.6&#8243; _module_preset=\u00bbdefault\u00bb text_font_size=\u00bb20px\u00bb header_font=\u00bb|700|||||||\u00bb]Actividades[\/et_pb_text][et_pb_text _builder_version=\u00bb4.6.6&#8243; _module_preset=\u00bbdefault\u00bb text_font=\u00bb|300|||||||\u00bb hover_enabled=\u00bb0&#8243; sticky_enabled=\u00bb0&#8243;]<\/p>\n<p>&#8211; Representaci\u00f3n del Bel\u00e9n Viviente en Calahorra<\/p>\n<p>[\/et_pb_text][\/et_pb_column][\/et_pb_row][et_pb_row column_structure=\u00bb1_3,1_3,1_3&#8243; _builder_version=\u00bb4.6.6&#8243; _module_preset=\u00bbdefault\u00bb][et_pb_column type=\u00bb1_3&#8243; _builder_version=\u00bb4.6.6&#8243; _module_preset=\u00bbdefault\u00bb][et_pb_image src=\u00bbhttp:\/\/consejojuventudcalahorra.com\/cjcc\/wp-content\/uploads\/2020\/10\/consejo-juventud-calahorra-cjcc-ubicacion.png\u00bb alt=\u00bbUbicaci\u00f3n\u00bb title_text=\u00bbUbicaci\u00f3n\u00bb align=\u00bbcenter\u00bb _builder_version=\u00bb4.6.6&#8243; _module_preset=\u00bbdefault\u00bb][\/et_pb_image][et_pb_text _builder_version=\u00bb4.6.6&#8243; _module_preset=\u00bbdefault\u00bb text_font=\u00bb|300|||||||\u00bb text_orientation=\u00bbcenter\u00bb hover_enabled=\u00bb0&#8243; sticky_enabled=\u00bb0&#8243;]<\/p>\n<p>C\/ Santiago n\u00ba 33<\/p>\n<p>[\/et_pb_text][\/et_pb_column][et_pb_column type=\u00bb1_3&#8243; _builder_version=\u00bb4.6.6&#8243; _module_preset=\u00bbdefault\u00bb][et_pb_image src=\u00bbhttp:\/\/consejojuventudcalahorra.com\/cjcc\/wp-content\/uploads\/2020\/10\/consejo-juventud-calahorra-cjcc-telefono.png\u00bb alt=\u00bbTel\u00e9fono\u00bb title_text=\u00bbTel\u00e9fono\u00bb align=\u00bbcenter\u00bb _builder_version=\u00bb4.6.6&#8243; _module_preset=\u00bbdefault\u00bb][\/et_pb_image][et_pb_text _builder_version=\u00bb4.6.6&#8243; _module_preset=\u00bbdefault\u00bb text_font=\u00bb|300|||||||\u00bb text_orientation=\u00bbcenter\u00bb hover_enabled=\u00bb0&#8243; sticky_enabled=\u00bb0&#8243;]<\/p>\n<p>637 048 575<\/p>\n<p>[\/et_pb_text][\/et_pb_column][et_pb_column type=\u00bb1_3&#8243; _builder_version=\u00bb4.6.6&#8243; _module_preset=\u00bbdefault\u00bb][et_pb_image src=\u00bbhttp:\/\/consejojuventudcalahorra.com\/cjcc\/wp-content\/uploads\/2020\/10\/consejo-juventud-calahorra-cjcc-mail.png\u00bb alt=\u00bbCorreo electr\u00f3nico\u00bb title_text=\u00bbCorreo electr\u00f3nico\u00bb align=\u00bbcenter\u00bb _builder_version=\u00bb4.6.6&#8243; _module_preset=\u00bbdefault\u00bb][\/et_pb_image][et_pb_text _builder_version=\u00bb4.6.6&#8243; _module_preset=\u00bbdefault\u00bb text_font=\u00bb|300|||||||\u00bb header_text_align=\u00bbcenter\u00bb text_orientation=\u00bbcenter\u00bb hover_enabled=\u00bb0&#8243; sticky_enabled=\u00bb0&#8243;]<a href=\"mailto:mariaevaabad@hotmail.com\">mariaevaabad@hotmail.com<\/a><br \/>\n<a href=\"mailto:belenvivientecalahorra@hotmail.com\">belenvivientecalahorra@hotmail.com<\/a>[\/et_pb_text][\/et_pb_column][\/et_pb_row][\/et_pb_section]<\/p>\n","protected":false},"excerpt":{"rendered":"<p>ASOCIACI\u00d3N BEL\u00c9N VIVIENTEActividades- Representaci\u00f3n del Bel\u00e9n Viviente en Calahorra C\/ Santiago n\u00ba 33 637 048 575 mariaevaabad@hotmail.com belenvivientecalahorra@hotmail.com<\/p>\n","protected":false},"author":1,"featured_media":3759,"parent":767,"menu_order":0,"comment_status":"closed","ping_status":"closed","template":"","meta":{"_et_pb_use_builder":"on","_et_pb_old_content":"","_et_gb_content_width":"","footnotes":""},"class_list":["post-4734","page","type-page","status-publish","has-post-thumbnail","hentry"],"yoast_head":"<!-- This site is optimized with the Yoast SEO plugin v27.3 - https:\/\/yoast.com\/product\/yoast-seo-wordpress\/ -->\n<title>Asociaci\u00f3n Bel\u00e9n Viviente - Consejo de la Juventud Comarcal de Calahorra<\/title>\n<meta name=\"description\" content=\"Asociaci\u00f3n incluida dentro de la Gu\u00eda de Asociaciones de Calahorra del Consejo de la Juventud de Calahorra\" \/>\n<meta name=\"robots\" content=\"index, follow, max-snippet:-1, max-image-preview:large, max-video-preview:-1\" \/>\n<link rel=\"canonical\" href=\"https:\/\/consejojuventudcalahorra.com\/cjcc\/guia-de-asociaciones-de-calahorra\/culturales\/asociacion-belen-viviente\/\" \/>\n<meta property=\"og:locale\" content=\"es_ES\" \/>\n<meta property=\"og:type\" content=\"article\" \/>\n<meta property=\"og:title\" content=\"Asociaci\u00f3n Bel\u00e9n Viviente - Consejo de la Juventud Comarcal de Calahorra\" \/>\n<meta property=\"og:description\" content=\"Asociaci\u00f3n incluida dentro de la Gu\u00eda de Asociaciones de Calahorra del Consejo de la Juventud de Calahorra\" \/>\n<meta property=\"og:url\" content=\"https:\/\/consejojuventudcalahorra.com\/cjcc\/guia-de-asociaciones-de-calahorra\/culturales\/asociacion-belen-viviente\/\" \/>\n<meta property=\"og:site_name\" content=\"Consejo de la Juventud Comarcal de Calahorra\" \/>\n<meta property=\"article:modified_time\" content=\"2021-01-15T17:36:57+00:00\" \/>\n<meta property=\"og:image\" content=\"https:\/\/consejojuventudcalahorra.com\/cjcc\/wp-content\/uploads\/2020\/10\/consejo-juventud-calahorra-cjcc-logotipo.jpg\" \/>\n\t<meta property=\"og:image:width\" content=\"200\" \/>\n\t<meta property=\"og:image:height\" content=\"200\" \/>\n\t<meta property=\"og:image:type\" content=\"image\/jpeg\" \/>\n<meta name=\"twitter:card\" content=\"summary_large_image\" \/>\n<meta name=\"twitter:label1\" content=\"Tiempo de lectura\" \/>\n\t<meta name=\"twitter:data1\" content=\"2 minutos\" \/>\n<script type=\"application\/ld+json\" class=\"yoast-schema-graph\">{\"@context\":\"https:\\\/\\\/schema.org\",\"@graph\":[{\"@type\":\"WebPage\",\"@id\":\"https:\\\/\\\/consejojuventudcalahorra.com\\\/cjcc\\\/guia-de-asociaciones-de-calahorra\\\/culturales\\\/asociacion-belen-viviente\\\/\",\"url\":\"https:\\\/\\\/consejojuventudcalahorra.com\\\/cjcc\\\/guia-de-asociaciones-de-calahorra\\\/culturales\\\/asociacion-belen-viviente\\\/\",\"name\":\"Asociaci\u00f3n Bel\u00e9n Viviente - Consejo de la Juventud Comarcal de Calahorra\",\"isPartOf\":{\"@id\":\"https:\\\/\\\/consejojuventudcalahorra.com\\\/cjcc\\\/#website\"},\"primaryImageOfPage\":{\"@id\":\"https:\\\/\\\/consejojuventudcalahorra.com\\\/cjcc\\\/guia-de-asociaciones-de-calahorra\\\/culturales\\\/asociacion-belen-viviente\\\/#primaryimage\"},\"image\":{\"@id\":\"https:\\\/\\\/consejojuventudcalahorra.com\\\/cjcc\\\/guia-de-asociaciones-de-calahorra\\\/culturales\\\/asociacion-belen-viviente\\\/#primaryimage\"},\"thumbnailUrl\":\"https:\\\/\\\/consejojuventudcalahorra.com\\\/cjcc\\\/wp-content\\\/uploads\\\/2020\\\/10\\\/consejo-juventud-calahorra-cjcc-logotipo.jpg\",\"datePublished\":\"2021-01-15T17:36:54+00:00\",\"dateModified\":\"2021-01-15T17:36:57+00:00\",\"description\":\"Asociaci\u00f3n incluida dentro de la Gu\u00eda de Asociaciones de Calahorra del Consejo de la Juventud de Calahorra\",\"breadcrumb\":{\"@id\":\"https:\\\/\\\/consejojuventudcalahorra.com\\\/cjcc\\\/guia-de-asociaciones-de-calahorra\\\/culturales\\\/asociacion-belen-viviente\\\/#breadcrumb\"},\"inLanguage\":\"es\",\"potentialAction\":[{\"@type\":\"ReadAction\",\"target\":[\"https:\\\/\\\/consejojuventudcalahorra.com\\\/cjcc\\\/guia-de-asociaciones-de-calahorra\\\/culturales\\\/asociacion-belen-viviente\\\/\"]}]},{\"@type\":\"ImageObject\",\"inLanguage\":\"es\",\"@id\":\"https:\\\/\\\/consejojuventudcalahorra.com\\\/cjcc\\\/guia-de-asociaciones-de-calahorra\\\/culturales\\\/asociacion-belen-viviente\\\/#primaryimage\",\"url\":\"https:\\\/\\\/consejojuventudcalahorra.com\\\/cjcc\\\/wp-content\\\/uploads\\\/2020\\\/10\\\/consejo-juventud-calahorra-cjcc-logotipo.jpg\",\"contentUrl\":\"https:\\\/\\\/consejojuventudcalahorra.com\\\/cjcc\\\/wp-content\\\/uploads\\\/2020\\\/10\\\/consejo-juventud-calahorra-cjcc-logotipo.jpg\",\"width\":200,\"height\":200,\"caption\":\"Logotipo\"},{\"@type\":\"BreadcrumbList\",\"@id\":\"https:\\\/\\\/consejojuventudcalahorra.com\\\/cjcc\\\/guia-de-asociaciones-de-calahorra\\\/culturales\\\/asociacion-belen-viviente\\\/#breadcrumb\",\"itemListElement\":[{\"@type\":\"ListItem\",\"position\":1,\"name\":\"Portada\",\"item\":\"https:\\\/\\\/consejojuventudcalahorra.com\\\/cjcc\\\/\"},{\"@type\":\"ListItem\",\"position\":2,\"name\":\"Gu\u00eda de Asociaciones de Calahorra\",\"item\":\"https:\\\/\\\/consejojuventudcalahorra.com\\\/cjcc\\\/guia-de-asociaciones-de-calahorra\\\/\"},{\"@type\":\"ListItem\",\"position\":3,\"name\":\"Culturales\",\"item\":\"https:\\\/\\\/consejojuventudcalahorra.com\\\/cjcc\\\/guia-de-asociaciones-de-calahorra\\\/culturales\\\/\"},{\"@type\":\"ListItem\",\"position\":4,\"name\":\"Asociaci\u00f3n Bel\u00e9n Viviente\"}]},{\"@type\":\"WebSite\",\"@id\":\"https:\\\/\\\/consejojuventudcalahorra.com\\\/cjcc\\\/#website\",\"url\":\"https:\\\/\\\/consejojuventudcalahorra.com\\\/cjcc\\\/\",\"name\":\"Consejo de la Juventud Comarcal de Calahorra\",\"description\":\"Ser joven es ser algo m\u00e1s\",\"potentialAction\":[{\"@type\":\"SearchAction\",\"target\":{\"@type\":\"EntryPoint\",\"urlTemplate\":\"https:\\\/\\\/consejojuventudcalahorra.com\\\/cjcc\\\/?s={search_term_string}\"},\"query-input\":{\"@type\":\"PropertyValueSpecification\",\"valueRequired\":true,\"valueName\":\"search_term_string\"}}],\"inLanguage\":\"es\"}]}<\/script>\n<!-- \/ Yoast SEO plugin. -->","yoast_head_json":{"title":"Asociaci\u00f3n Bel\u00e9n Viviente - Consejo de la Juventud Comarcal de Calahorra","description":"Asociaci\u00f3n incluida dentro de la Gu\u00eda de Asociaciones de Calahorra del Consejo de la Juventud de Calahorra","robots":{"index":"index","follow":"follow","max-snippet":"max-snippet:-1","max-image-preview":"max-image-preview:large","max-video-preview":"max-video-preview:-1"},"canonical":"https:\/\/consejojuventudcalahorra.com\/cjcc\/guia-de-asociaciones-de-calahorra\/culturales\/asociacion-belen-viviente\/","og_locale":"es_ES","og_type":"article","og_title":"Asociaci\u00f3n Bel\u00e9n Viviente - Consejo de la Juventud Comarcal de Calahorra","og_description":"Asociaci\u00f3n incluida dentro de la Gu\u00eda de Asociaciones de Calahorra del Consejo de la Juventud de Calahorra","og_url":"https:\/\/consejojuventudcalahorra.com\/cjcc\/guia-de-asociaciones-de-calahorra\/culturales\/asociacion-belen-viviente\/","og_site_name":"Consejo de la Juventud Comarcal de Calahorra","article_modified_time":"2021-01-15T17:36:57+00:00","og_image":[{"width":200,"height":200,"url":"https:\/\/consejojuventudcalahorra.com\/cjcc\/wp-content\/uploads\/2020\/10\/consejo-juventud-calahorra-cjcc-logotipo.jpg","type":"image\/jpeg"}],"twitter_card":"summary_large_image","twitter_misc":{"Tiempo de lectura":"2 minutos"},"schema":{"@context":"https:\/\/schema.org","@graph":[{"@type":"WebPage","@id":"https:\/\/consejojuventudcalahorra.com\/cjcc\/guia-de-asociaciones-de-calahorra\/culturales\/asociacion-belen-viviente\/","url":"https:\/\/consejojuventudcalahorra.com\/cjcc\/guia-de-asociaciones-de-calahorra\/culturales\/asociacion-belen-viviente\/","name":"Asociaci\u00f3n Bel\u00e9n Viviente - Consejo de la Juventud Comarcal de Calahorra","isPartOf":{"@id":"https:\/\/consejojuventudcalahorra.com\/cjcc\/#website"},"primaryImageOfPage":{"@id":"https:\/\/consejojuventudcalahorra.com\/cjcc\/guia-de-asociaciones-de-calahorra\/culturales\/asociacion-belen-viviente\/#primaryimage"},"image":{"@id":"https:\/\/consejojuventudcalahorra.com\/cjcc\/guia-de-asociaciones-de-calahorra\/culturales\/asociacion-belen-viviente\/#primaryimage"},"thumbnailUrl":"https:\/\/consejojuventudcalahorra.com\/cjcc\/wp-content\/uploads\/2020\/10\/consejo-juventud-calahorra-cjcc-logotipo.jpg","datePublished":"2021-01-15T17:36:54+00:00","dateModified":"2021-01-15T17:36:57+00:00","description":"Asociaci\u00f3n incluida dentro de la Gu\u00eda de Asociaciones de Calahorra del Consejo de la Juventud de Calahorra","breadcrumb":{"@id":"https:\/\/consejojuventudcalahorra.com\/cjcc\/guia-de-asociaciones-de-calahorra\/culturales\/asociacion-belen-viviente\/#breadcrumb"},"inLanguage":"es","potentialAction":[{"@type":"ReadAction","target":["https:\/\/consejojuventudcalahorra.com\/cjcc\/guia-de-asociaciones-de-calahorra\/culturales\/asociacion-belen-viviente\/"]}]},{"@type":"ImageObject","inLanguage":"es","@id":"https:\/\/consejojuventudcalahorra.com\/cjcc\/guia-de-asociaciones-de-calahorra\/culturales\/asociacion-belen-viviente\/#primaryimage","url":"https:\/\/consejojuventudcalahorra.com\/cjcc\/wp-content\/uploads\/2020\/10\/consejo-juventud-calahorra-cjcc-logotipo.jpg","contentUrl":"https:\/\/consejojuventudcalahorra.com\/cjcc\/wp-content\/uploads\/2020\/10\/consejo-juventud-calahorra-cjcc-logotipo.jpg","width":200,"height":200,"caption":"Logotipo"},{"@type":"BreadcrumbList","@id":"https:\/\/consejojuventudcalahorra.com\/cjcc\/guia-de-asociaciones-de-calahorra\/culturales\/asociacion-belen-viviente\/#breadcrumb","itemListElement":[{"@type":"ListItem","position":1,"name":"Portada","item":"https:\/\/consejojuventudcalahorra.com\/cjcc\/"},{"@type":"ListItem","position":2,"name":"Gu\u00eda de Asociaciones de Calahorra","item":"https:\/\/consejojuventudcalahorra.com\/cjcc\/guia-de-asociaciones-de-calahorra\/"},{"@type":"ListItem","position":3,"name":"Culturales","item":"https:\/\/consejojuventudcalahorra.com\/cjcc\/guia-de-asociaciones-de-calahorra\/culturales\/"},{"@type":"ListItem","position":4,"name":"Asociaci\u00f3n Bel\u00e9n Viviente"}]},{"@type":"WebSite","@id":"https:\/\/consejojuventudcalahorra.com\/cjcc\/#website","url":"https:\/\/consejojuventudcalahorra.com\/cjcc\/","name":"Consejo de la Juventud Comarcal de Calahorra","description":"Ser joven es ser algo m\u00e1s","potentialAction":[{"@type":"SearchAction","target":{"@type":"EntryPoint","urlTemplate":"https:\/\/consejojuventudcalahorra.com\/cjcc\/?s={search_term_string}"},"query-input":{"@type":"PropertyValueSpecification","valueRequired":true,"valueName":"search_term_string"}}],"inLanguage":"es"}]}},"_links":{"self":[{"href":"https:\/\/consejojuventudcalahorra.com\/cjcc\/wp-json\/wp\/v2\/pages\/4734","targetHints":{"allow":["GET"]}}],"collection":[{"href":"https:\/\/consejojuventudcalahorra.com\/cjcc\/wp-json\/wp\/v2\/pages"}],"about":[{"href":"https:\/\/consejojuventudcalahorra.com\/cjcc\/wp-json\/wp\/v2\/types\/page"}],"author":[{"embeddable":true,"href":"https:\/\/consejojuventudcalahorra.com\/cjcc\/wp-json\/wp\/v2\/users\/1"}],"replies":[{"embeddable":true,"href":"https:\/\/consejojuventudcalahorra.com\/cjcc\/wp-json\/wp\/v2\/comments?post=4734"}],"version-history":[{"count":2,"href":"https:\/\/consejojuventudcalahorra.com\/cjcc\/wp-json\/wp\/v2\/pages\/4734\/revisions"}],"predecessor-version":[{"id":4737,"href":"https:\/\/consejojuventudcalahorra.com\/cjcc\/wp-json\/wp\/v2\/pages\/4734\/revisions\/4737"}],"up":[{"embeddable":true,"href":"https:\/\/consejojuventudcalahorra.com\/cjcc\/wp-json\/wp\/v2\/pages\/767"}],"wp:featuredmedia":[{"embeddable":true,"href":"https:\/\/consejojuventudcalahorra.com\/cjcc\/wp-json\/wp\/v2\/media\/3759"}],"wp:attachment":[{"href":"https:\/\/consejojuventudcalahorra.com\/cjcc\/wp-json\/wp\/v2\/media?parent=4734"}],"curies":[{"name":"wp","href":"https:\/\/api.w.org\/{rel}","templated":true}]}}