{"id":2,"date":"2015-10-05T22:11:03","date_gmt":"2015-10-05T22:11:03","guid":{"rendered":"http:\/\/consejojuventudcalahorra.com\/wordpress\/?page_id=2"},"modified":"2023-09-11T08:59:51","modified_gmt":"2023-09-11T08:59:51","slug":"about","status":"publish","type":"page","link":"https:\/\/consejojuventudcalahorra.com\/cjcc\/about\/","title":{"rendered":"\u00bfQU\u00c9 ES ELCJCC?"},"content":{"rendered":"<p>[et_pb_section][et_pb_row][et_pb_column type=\u00bb4_4&#8243;][et_pb_text]<\/p>\n<p>El Consejo de la Juventud Comarcal de Calahorra es una <strong>gran asociaci\u00f3n de asociaciones juveniles de la Comarca<\/strong>.<\/p>\n<p>Este se encarga de <strong>formar a los diferentes mediadores juveniles, preparar campa\u00f1as de prevenci\u00f3n y en llegar a rellenar esos espacios vac\u00edos que quedan en la vida juvenil de nuestra Comarca.<\/strong><\/p>\n<p><strong>Entre las labores de un Consejo de Juventud resalta:<\/strong><\/p>\n<ul>\n<li><strong>Promocionar el asociacionismo<\/strong> y luchar por los ideales de cada una de las asociaciones lo forman.<\/li>\n<li>Intentar llegar al m\u00e1ximo n\u00famero de j\u00f3venes para ense\u00f1arles de que manera pueden ocupar su tiempo libre ofreci\u00e9ndoles <strong>diferentes alternativas.<\/strong><\/li>\n<li><strong>Ser interlocutor<\/strong> entre los j\u00f3venes y las diferentes instituciones p\u00fablicas para defender los intereses que m\u00e1s nos preocupan.<\/li>\n<li><strong>Abastecer las necesidades informativas y asesorativas<\/strong> que sobre cualquier tema nos pueden demandar nuestros j\u00f3venes.<\/li>\n<\/ul>\n<p>&nbsp;<\/p>\n<p><a href=\"http:\/\/consejojuventudcalahorra.com\/wordpress\/wp-content\/uploads\/2015\/10\/cropped-cropped-cropped-LogoCJCC3.jpg\"><img loading=\"lazy\" decoding=\"async\" class=\"size-medium wp-image-274 aligncenter\" src=\"http:\/\/consejojuventudcalahorra.com\/wordpress\/wp-content\/uploads\/2015\/10\/cropped-cropped-cropped-LogoCJCC3-300x194.jpg\" alt=\"cropped-cropped-cropped-LogoCJCC3.jpg\" width=\"300\" height=\"194\" \/><\/a><\/p>\n<p>[\/et_pb_text][\/et_pb_column][\/et_pb_row][\/et_pb_section]<\/p>\n","protected":false},"excerpt":{"rendered":"<p><div class=\"et_pb_section et_pb_section_0 et_section_regular\" >\n\t\t\t\t\n\t\t\t\t\n\t\t\t\t\n\t\t\t\t\n\t\t\t\t\n\t\t\t\t\n\t\t\t\t\n\t\t\t\t\n\t\t\t\t\n\t\t\t<\/div><div class=\"et_pb_row et_pb_row_0 et_pb_row_empty\">\n\t\t\t\t\n\t\t\t\t\n\t\t\t\t\n\t\t\t\t\n\t\t\t\t\n\t\t\t<\/div><div class=\"et_pb_module et_pb_text et_pb_text_0  et_pb_text_align_left et_pb_bg_layout_light\">\n\t\t\t\t\n\t\t\t\t\n\t\t\t\t\n\t\t\t\t\n\t\t\t\t\n\t\t\t<\/div> El Consejo de la Juventud Comarcal de Calahorra es una gran asociaci\u00f3n de asociaciones juveniles de la Comarca. Este se encarga de formar a los diferentes mediadores juveniles, preparar [&hellip;]<\/p>\n","protected":false},"author":1,"featured_media":0,"parent":0,"menu_order":1,"comment_status":"open","ping_status":"open","template":"","meta":{"_et_pb_use_builder":"on","_et_pb_old_content":"<p>El Consejo de la Juventud Comarcal de Calahorra es una <strong>gran asociaci\u00f3n de asociaciones juveniles de la Comarca<\/strong>.<\/p><p>Este se encarga de <strong>formar a los diferentes mediadores juveniles, preparar campa\u00f1as de prevenci\u00f3n y en llegar a rellenar esos espacios vac\u00edos que quedan en la vida juvenil de nuestra Comarca.<\/strong><\/p><p><strong>Entre las labores de un Consejo de Juventud resalta:<\/strong><\/p><ul><li><strong>Promocionar el asociacionismo<\/strong> y luchar por los ideales de cada una de las asociaciones lo forman.<\/li><li>Intentar llegar al m\u00e1ximo n\u00famero de j\u00f3venes para ense\u00f1arles de que manera pueden ocupar su tiempo libre ofreci\u00e9ndoles <strong>diferentes alternativas.<\/strong><\/li><li><strong>Ser interlocutor<\/strong> entre los j\u00f3venes y las diferentes instituciones p\u00fablicas para defender los intereses que m\u00e1s nos preocupan.<\/li><li><strong>Abastecer las necesidades informativas y asesorativas<\/strong> que sobre cualquier tema nos pueden demandar nuestros j\u00f3venes.<\/li><\/ul><p>\u00a0<\/p><p><a href=\"http:\/\/consejojuventudcalahorra.com\/wordpress\/wp-content\/uploads\/2015\/10\/cropped-cropped-cropped-LogoCJCC3.jpg\"><img class=\"size-medium wp-image-274 aligncenter\" src=\"http:\/\/consejojuventudcalahorra.com\/wordpress\/wp-content\/uploads\/2015\/10\/cropped-cropped-cropped-LogoCJCC3-300x194.jpg\" alt=\"cropped-cropped-cropped-LogoCJCC3.jpg\" width=\"300\" height=\"194\" \/><\/a><\/p>","_et_gb_content_width":"","footnotes":""},"class_list":["post-2","page","type-page","status-publish","hentry"],"yoast_head":"<!-- This site is optimized with the Yoast SEO plugin v27.5 - https:\/\/yoast.com\/product\/yoast-seo-wordpress\/ -->\n<title>\u00bfQU\u00c9 ES ELCJCC? - Consejo de la Juventud Comarcal de Calahorra<\/title>\n<meta name=\"robots\" content=\"index, follow, max-snippet:-1, max-image-preview:large, max-video-preview:-1\" \/>\n<link rel=\"canonical\" href=\"https:\/\/consejojuventudcalahorra.com\/cjcc\/about\/\" \/>\n<meta property=\"og:locale\" content=\"es_ES\" \/>\n<meta property=\"og:type\" content=\"article\" \/>\n<meta property=\"og:title\" content=\"\u00bfQU\u00c9 ES ELCJCC? - Consejo de la Juventud Comarcal de Calahorra\" \/>\n<meta property=\"og:description\" content=\"El Consejo de la Juventud Comarcal de Calahorra es una gran asociaci\u00f3n de asociaciones juveniles de la Comarca. Este se encarga de formar a los diferentes mediadores juveniles, preparar [&hellip;]\" \/>\n<meta property=\"og:url\" content=\"https:\/\/consejojuventudcalahorra.com\/cjcc\/about\/\" \/>\n<meta property=\"og:site_name\" content=\"Consejo de la Juventud Comarcal de Calahorra\" \/>\n<meta property=\"article:publisher\" content=\"https:\/\/www.facebook.com\/consejojuventudcalahorra\/?locale=es_ES\" \/>\n<meta property=\"article:modified_time\" content=\"2023-09-11T08:59:51+00:00\" \/>\n<meta property=\"og:image\" content=\"http:\/\/consejojuventudcalahorra.com\/wordpress\/wp-content\/uploads\/2015\/10\/cropped-cropped-cropped-LogoCJCC3-300x194.jpg\" \/>\n<meta name=\"twitter:card\" content=\"summary_large_image\" \/>\n<meta name=\"twitter:label1\" content=\"Tiempo de lectura\" \/>\n\t<meta name=\"twitter:data1\" content=\"1 minuto\" \/>\n<script type=\"application\/ld+json\" class=\"yoast-schema-graph\">{\"@context\":\"https:\\\/\\\/schema.org\",\"@graph\":[{\"@type\":\"WebPage\",\"@id\":\"https:\\\/\\\/consejojuventudcalahorra.com\\\/cjcc\\\/about\\\/\",\"url\":\"https:\\\/\\\/consejojuventudcalahorra.com\\\/cjcc\\\/about\\\/\",\"name\":\"\u00bfQU\u00c9 ES ELCJCC? - Consejo de la Juventud Comarcal de Calahorra\",\"isPartOf\":{\"@id\":\"https:\\\/\\\/consejojuventudcalahorra.com\\\/cjcc\\\/#website\"},\"primaryImageOfPage\":{\"@id\":\"https:\\\/\\\/consejojuventudcalahorra.com\\\/cjcc\\\/about\\\/#primaryimage\"},\"image\":{\"@id\":\"https:\\\/\\\/consejojuventudcalahorra.com\\\/cjcc\\\/about\\\/#primaryimage\"},\"thumbnailUrl\":\"http:\\\/\\\/consejojuventudcalahorra.com\\\/wordpress\\\/wp-content\\\/uploads\\\/2015\\\/10\\\/cropped-cropped-cropped-LogoCJCC3-300x194.jpg\",\"datePublished\":\"2015-10-05T22:11:03+00:00\",\"dateModified\":\"2023-09-11T08:59:51+00:00\",\"breadcrumb\":{\"@id\":\"https:\\\/\\\/consejojuventudcalahorra.com\\\/cjcc\\\/about\\\/#breadcrumb\"},\"inLanguage\":\"es\",\"potentialAction\":[{\"@type\":\"ReadAction\",\"target\":[\"https:\\\/\\\/consejojuventudcalahorra.com\\\/cjcc\\\/about\\\/\"]}]},{\"@type\":\"ImageObject\",\"inLanguage\":\"es\",\"@id\":\"https:\\\/\\\/consejojuventudcalahorra.com\\\/cjcc\\\/about\\\/#primaryimage\",\"url\":\"http:\\\/\\\/consejojuventudcalahorra.com\\\/wordpress\\\/wp-content\\\/uploads\\\/2015\\\/10\\\/cropped-cropped-cropped-LogoCJCC3-300x194.jpg\",\"contentUrl\":\"http:\\\/\\\/consejojuventudcalahorra.com\\\/wordpress\\\/wp-content\\\/uploads\\\/2015\\\/10\\\/cropped-cropped-cropped-LogoCJCC3-300x194.jpg\"},{\"@type\":\"BreadcrumbList\",\"@id\":\"https:\\\/\\\/consejojuventudcalahorra.com\\\/cjcc\\\/about\\\/#breadcrumb\",\"itemListElement\":[{\"@type\":\"ListItem\",\"position\":1,\"name\":\"Portada\",\"item\":\"https:\\\/\\\/consejojuventudcalahorra.com\\\/cjcc\\\/\"},{\"@type\":\"ListItem\",\"position\":2,\"name\":\"\u00bfQU\u00c9 ES ELCJCC?\"}]},{\"@type\":\"WebSite\",\"@id\":\"https:\\\/\\\/consejojuventudcalahorra.com\\\/cjcc\\\/#website\",\"url\":\"https:\\\/\\\/consejojuventudcalahorra.com\\\/cjcc\\\/\",\"name\":\"Consejo de la Juventud Comarcal de Calahorra\",\"description\":\"Ser joven es ser algo m\u00e1s\",\"publisher\":{\"@id\":\"https:\\\/\\\/consejojuventudcalahorra.com\\\/cjcc\\\/#organization\"},\"potentialAction\":[{\"@type\":\"SearchAction\",\"target\":{\"@type\":\"EntryPoint\",\"urlTemplate\":\"https:\\\/\\\/consejojuventudcalahorra.com\\\/cjcc\\\/?s={search_term_string}\"},\"query-input\":{\"@type\":\"PropertyValueSpecification\",\"valueRequired\":true,\"valueName\":\"search_term_string\"}}],\"inLanguage\":\"es\"},{\"@type\":\"Organization\",\"@id\":\"https:\\\/\\\/consejojuventudcalahorra.com\\\/cjcc\\\/#organization\",\"name\":\"Consejo de la Juventud Comarcal de Calahorra\",\"url\":\"https:\\\/\\\/consejojuventudcalahorra.com\\\/cjcc\\\/\",\"logo\":{\"@type\":\"ImageObject\",\"inLanguage\":\"es\",\"@id\":\"https:\\\/\\\/consejojuventudcalahorra.com\\\/cjcc\\\/#\\\/schema\\\/logo\\\/image\\\/\",\"url\":\"https:\\\/\\\/consejojuventudcalahorra.com\\\/cjcc\\\/wp-content\\\/uploads\\\/2025\\\/09\\\/Logo-CJCC.png\",\"contentUrl\":\"https:\\\/\\\/consejojuventudcalahorra.com\\\/cjcc\\\/wp-content\\\/uploads\\\/2025\\\/09\\\/Logo-CJCC.png\",\"width\":964,\"height\":660,\"caption\":\"Consejo de la Juventud Comarcal de Calahorra\"},\"image\":{\"@id\":\"https:\\\/\\\/consejojuventudcalahorra.com\\\/cjcc\\\/#\\\/schema\\\/logo\\\/image\\\/\"},\"sameAs\":[\"https:\\\/\\\/www.facebook.com\\\/consejojuventudcalahorra\\\/?locale=es_ES\"]}]}<\/script>\n<!-- \/ Yoast SEO plugin. -->","yoast_head_json":{"title":"\u00bfQU\u00c9 ES ELCJCC? - Consejo de la Juventud Comarcal de Calahorra","robots":{"index":"index","follow":"follow","max-snippet":"max-snippet:-1","max-image-preview":"max-image-preview:large","max-video-preview":"max-video-preview:-1"},"canonical":"https:\/\/consejojuventudcalahorra.com\/cjcc\/about\/","og_locale":"es_ES","og_type":"article","og_title":"\u00bfQU\u00c9 ES ELCJCC? - Consejo de la Juventud Comarcal de Calahorra","og_description":"El Consejo de la Juventud Comarcal de Calahorra es una gran asociaci\u00f3n de asociaciones juveniles de la Comarca. Este se encarga de formar a los diferentes mediadores juveniles, preparar [&hellip;]","og_url":"https:\/\/consejojuventudcalahorra.com\/cjcc\/about\/","og_site_name":"Consejo de la Juventud Comarcal de Calahorra","article_publisher":"https:\/\/www.facebook.com\/consejojuventudcalahorra\/?locale=es_ES","article_modified_time":"2023-09-11T08:59:51+00:00","og_image":[{"url":"http:\/\/consejojuventudcalahorra.com\/wordpress\/wp-content\/uploads\/2015\/10\/cropped-cropped-cropped-LogoCJCC3-300x194.jpg","type":"","width":"","height":""}],"twitter_card":"summary_large_image","twitter_misc":{"Tiempo de lectura":"1 minuto"},"schema":{"@context":"https:\/\/schema.org","@graph":[{"@type":"WebPage","@id":"https:\/\/consejojuventudcalahorra.com\/cjcc\/about\/","url":"https:\/\/consejojuventudcalahorra.com\/cjcc\/about\/","name":"\u00bfQU\u00c9 ES ELCJCC? - Consejo de la Juventud Comarcal de Calahorra","isPartOf":{"@id":"https:\/\/consejojuventudcalahorra.com\/cjcc\/#website"},"primaryImageOfPage":{"@id":"https:\/\/consejojuventudcalahorra.com\/cjcc\/about\/#primaryimage"},"image":{"@id":"https:\/\/consejojuventudcalahorra.com\/cjcc\/about\/#primaryimage"},"thumbnailUrl":"http:\/\/consejojuventudcalahorra.com\/wordpress\/wp-content\/uploads\/2015\/10\/cropped-cropped-cropped-LogoCJCC3-300x194.jpg","datePublished":"2015-10-05T22:11:03+00:00","dateModified":"2023-09-11T08:59:51+00:00","breadcrumb":{"@id":"https:\/\/consejojuventudcalahorra.com\/cjcc\/about\/#breadcrumb"},"inLanguage":"es","potentialAction":[{"@type":"ReadAction","target":["https:\/\/consejojuventudcalahorra.com\/cjcc\/about\/"]}]},{"@type":"ImageObject","inLanguage":"es","@id":"https:\/\/consejojuventudcalahorra.com\/cjcc\/about\/#primaryimage","url":"http:\/\/consejojuventudcalahorra.com\/wordpress\/wp-content\/uploads\/2015\/10\/cropped-cropped-cropped-LogoCJCC3-300x194.jpg","contentUrl":"http:\/\/consejojuventudcalahorra.com\/wordpress\/wp-content\/uploads\/2015\/10\/cropped-cropped-cropped-LogoCJCC3-300x194.jpg"},{"@type":"BreadcrumbList","@id":"https:\/\/consejojuventudcalahorra.com\/cjcc\/about\/#breadcrumb","itemListElement":[{"@type":"ListItem","position":1,"name":"Portada","item":"https:\/\/consejojuventudcalahorra.com\/cjcc\/"},{"@type":"ListItem","position":2,"name":"\u00bfQU\u00c9 ES ELCJCC?"}]},{"@type":"WebSite","@id":"https:\/\/consejojuventudcalahorra.com\/cjcc\/#website","url":"https:\/\/consejojuventudcalahorra.com\/cjcc\/","name":"Consejo de la Juventud Comarcal de Calahorra","description":"Ser joven es ser algo m\u00e1s","publisher":{"@id":"https:\/\/consejojuventudcalahorra.com\/cjcc\/#organization"},"potentialAction":[{"@type":"SearchAction","target":{"@type":"EntryPoint","urlTemplate":"https:\/\/consejojuventudcalahorra.com\/cjcc\/?s={search_term_string}"},"query-input":{"@type":"PropertyValueSpecification","valueRequired":true,"valueName":"search_term_string"}}],"inLanguage":"es"},{"@type":"Organization","@id":"https:\/\/consejojuventudcalahorra.com\/cjcc\/#organization","name":"Consejo de la Juventud Comarcal de Calahorra","url":"https:\/\/consejojuventudcalahorra.com\/cjcc\/","logo":{"@type":"ImageObject","inLanguage":"es","@id":"https:\/\/consejojuventudcalahorra.com\/cjcc\/#\/schema\/logo\/image\/","url":"https:\/\/consejojuventudcalahorra.com\/cjcc\/wp-content\/uploads\/2025\/09\/Logo-CJCC.png","contentUrl":"https:\/\/consejojuventudcalahorra.com\/cjcc\/wp-content\/uploads\/2025\/09\/Logo-CJCC.png","width":964,"height":660,"caption":"Consejo de la Juventud Comarcal de Calahorra"},"image":{"@id":"https:\/\/consejojuventudcalahorra.com\/cjcc\/#\/schema\/logo\/image\/"},"sameAs":["https:\/\/www.facebook.com\/consejojuventudcalahorra\/?locale=es_ES"]}]}},"_links":{"self":[{"href":"https:\/\/consejojuventudcalahorra.com\/cjcc\/wp-json\/wp\/v2\/pages\/2","targetHints":{"allow":["GET"]}}],"collection":[{"href":"https:\/\/consejojuventudcalahorra.com\/cjcc\/wp-json\/wp\/v2\/pages"}],"about":[{"href":"https:\/\/consejojuventudcalahorra.com\/cjcc\/wp-json\/wp\/v2\/types\/page"}],"author":[{"embeddable":true,"href":"https:\/\/consejojuventudcalahorra.com\/cjcc\/wp-json\/wp\/v2\/users\/1"}],"replies":[{"embeddable":true,"href":"https:\/\/consejojuventudcalahorra.com\/cjcc\/wp-json\/wp\/v2\/comments?post=2"}],"version-history":[{"count":8,"href":"https:\/\/consejojuventudcalahorra.com\/cjcc\/wp-json\/wp\/v2\/pages\/2\/revisions"}],"predecessor-version":[{"id":5778,"href":"https:\/\/consejojuventudcalahorra.com\/cjcc\/wp-json\/wp\/v2\/pages\/2\/revisions\/5778"}],"wp:attachment":[{"href":"https:\/\/consejojuventudcalahorra.com\/cjcc\/wp-json\/wp\/v2\/media?parent=2"}],"curies":[{"name":"wp","href":"https:\/\/api.w.org\/{rel}","templated":true}]}}