{"id":10891,"date":"2026-03-13T11:03:01","date_gmt":"2026-03-13T10:03:01","guid":{"rendered":"https:\/\/consejojuventudcalahorra.com\/cjcc\/?page_id=10891"},"modified":"2026-03-23T13:30:18","modified_gmt":"2026-03-23T12:30:18","slug":"amigos-de-la-catedral","status":"publish","type":"page","link":"https:\/\/consejojuventudcalahorra.com\/cjcc\/amigos-de-la-catedral\/","title":{"rendered":"Borrador autom\u00e1tico"},"content":{"rendered":"<p>[et_pb_section fb_built=\u00bb1&#8243; _builder_version=\u00bb4.27.6&#8243; _module_preset=\u00bbdefault\u00bb hover_enabled=\u00bb0&#8243; global_colors_info=\u00bb{}\u00bb background_enable_image=\u00bboff\u00bb background_color=\u00bb#E09900&#8243; sticky_enabled=\u00bb0&#8243;][et_pb_row _builder_version=\u00bb4.16&#8243; _module_preset=\u00bbdefault\u00bb background_enable_image=\u00bboff\u00bb global_colors_info=\u00bb{}\u00bb][et_pb_column type=\u00bb4_4&#8243; _builder_version=\u00bb4.16&#8243; _module_preset=\u00bbdefault\u00bb global_colors_info=\u00bb{}\u00bb][et_pb_text admin_label=\u00bbASOCIACI\u00d3N\u00bb _builder_version=\u00bb4.27.6&#8243; _module_preset=\u00bbdefault\u00bb text_font_size=\u00bb20px\u00bb header_font=\u00bb|700|||||||\u00bb header_text_align=\u00bbcenter\u00bb header_text_color=\u00bb#ffffff\u00bb global_colors_info=\u00bb{}\u00bb]<\/p>\n<h1>AMIGOS DE LA CATEDRAL<\/h1>\n<p>[\/et_pb_text][\/et_pb_column][\/et_pb_row][\/et_pb_section][et_pb_section fb_built=\u00bb1&#8243; _builder_version=\u00bb4.16&#8243; _module_preset=\u00bbdefault\u00bb background_enable_image=\u00bboff\u00bb global_colors_info=\u00bb{}\u00bb][et_pb_row _builder_version=\u00bb4.16&#8243; _module_preset=\u00bbdefault\u00bb global_colors_info=\u00bb{}\u00bb][et_pb_column type=\u00bb4_4&#8243; _builder_version=\u00bb4.16&#8243; _module_preset=\u00bbdefault\u00bb global_colors_info=\u00bb{}\u00bb][et_pb_text admin_label=\u00bbActividades\u00bb _builder_version=\u00bb4.16&#8243; _module_preset=\u00bbdefault\u00bb text_font_size=\u00bb20px\u00bb header_font=\u00bb|700|||||||\u00bb global_colors_info=\u00bb{}\u00bb]Actividades[\/et_pb_text][et_pb_text _builder_version=\u00bb4.27.6&#8243; _module_preset=\u00bbdefault\u00bb text_font=\u00bb|300|||||||\u00bb global_colors_info=\u00bb{}\u00bb]<\/p>\n<p>&#8211; Cuidar del Patrimonio de la Catedral<br \/>&#8211; Venta de recuerdos t\u00edpicos<br \/>&#8211; Reparto del Rosco en la festividad de San Blas<br \/>&#8211; Preg\u00f3n de Navidad<br \/>&#8211; Colocaci\u00f3n de Bel\u00e9n Navide\u00f1o<br \/>&#8211; Celebraci\u00f3n de Misa de Minerva (tercer\u200b domingo del mes despu\u00e9s de la misa de las 12:00 h.)<\/p>\n<p>[\/et_pb_text][\/et_pb_column][\/et_pb_row][et_pb_row column_structure=\u00bb1_3,1_3,1_3&#8243; _builder_version=\u00bb4.16&#8243; _module_preset=\u00bbdefault\u00bb global_colors_info=\u00bb{}\u00bb][et_pb_column type=\u00bb1_3&#8243; _builder_version=\u00bb4.16&#8243; _module_preset=\u00bbdefault\u00bb global_colors_info=\u00bb{}\u00bb][et_pb_image src=\u00bbhttps:\/\/consejojuventudcalahorra.com\/cjcc\/wp-content\/uploads\/2020\/10\/consejo-juventud-calahorra-cjcc-ubicacion.png\u00bb alt=\u00bbUbicaci\u00f3n\u00bb title_text=\u00bbUbicaci\u00f3n\u00bb align=\u00bbcenter\u00bb admin_label=\u00bbImagen\u00bb _builder_version=\u00bb4.27.6&#8243; _module_preset=\u00bbdefault\u00bb global_colors_info=\u00bb{}\u00bb][\/et_pb_image][et_pb_text _builder_version=\u00bb4.27.6&#8243; _module_preset=\u00bbdefault\u00bb text_font=\u00bb|300|||||||\u00bb text_orientation=\u00bbcenter\u00bb global_colors_info=\u00bb{}\u00bb]<\/p>\n<p>Plaza del Cardenal Cascajares<\/p>\n<p>[\/et_pb_text][\/et_pb_column][et_pb_column type=\u00bb1_3&#8243; _builder_version=\u00bb4.16&#8243; _module_preset=\u00bbdefault\u00bb global_colors_info=\u00bb{}\u00bb][et_pb_image src=\u00bbhttps:\/\/consejojuventudcalahorra.com\/cjcc\/wp-content\/uploads\/2020\/10\/consejo-juventud-calahorra-cjcc-telefono.png\u00bb alt=\u00bbTel\u00e9fono\u00bb title_text=\u00bbTel\u00e9fono\u00bb align=\u00bbcenter\u00bb _builder_version=\u00bb4.16&#8243; _module_preset=\u00bbdefault\u00bb global_colors_info=\u00bb{}\u00bb][\/et_pb_image][et_pb_text _builder_version=\u00bb4.27.6&#8243; _module_preset=\u00bbdefault\u00bb text_font=\u00bb|300|||||||\u00bb text_orientation=\u00bbcenter\u00bb global_colors_info=\u00bb{}\u00bb]<\/p>\n<p>686 162 403<\/p>\n<p>[\/et_pb_text][\/et_pb_column][et_pb_column type=\u00bb1_3&#8243; _builder_version=\u00bb4.16&#8243; _module_preset=\u00bbdefault\u00bb global_colors_info=\u00bb{}\u00bb][et_pb_image src=\u00bbhttps:\/\/consejojuventudcalahorra.com\/cjcc\/wp-content\/uploads\/2020\/10\/consejo-juventud-calahorra-cjcc-mail.png\u00bb alt=\u00bbCorreo electr\u00f3nico\u00bb title_text=\u00bbCorreo electr\u00f3nico\u00bb align=\u00bbcenter\u00bb _builder_version=\u00bb4.16&#8243; _module_preset=\u00bbdefault\u00bb global_colors_info=\u00bb{}\u00bb][\/et_pb_image][et_pb_text _builder_version=\u00bb4.27.6&#8243; _module_preset=\u00bbdefault\u00bb text_font=\u00bb|300|||||||\u00bb header_text_align=\u00bbcenter\u00bb text_orientation=\u00bbcenter\u00bb global_colors_info=\u00bb{}\u00bb]<\/p>\n<p>amigosdelacatedralcalahorra2025@gmail.com<\/p>\n<p>[\/et_pb_text][\/et_pb_column][\/et_pb_row][\/et_pb_section]<\/p>\n","protected":false},"excerpt":{"rendered":"<p>AMIGOS DE LA CATEDRALActividades- Cuidar del Patrimonio de la Catedral- Venta de recuerdos t\u00edpicos- Reparto del Rosco en la festividad de San Blas- Preg\u00f3n de Navidad- Colocaci\u00f3n de Bel\u00e9n Navide\u00f1o- [&hellip;]<\/p>\n","protected":false},"author":1,"featured_media":0,"parent":0,"menu_order":0,"comment_status":"closed","ping_status":"closed","template":"","meta":{"_et_pb_use_builder":"on","_et_pb_old_content":"","_et_gb_content_width":"","footnotes":""},"class_list":["post-10891","page","type-page","status-publish","hentry"],"yoast_head":"<!-- This site is optimized with the Yoast SEO plugin v27.3 - https:\/\/yoast.com\/product\/yoast-seo-wordpress\/ -->\n<title>Borrador autom\u00e1tico - Consejo de la Juventud Comarcal de Calahorra<\/title>\n<meta name=\"robots\" content=\"index, follow, max-snippet:-1, max-image-preview:large, max-video-preview:-1\" \/>\n<link rel=\"canonical\" href=\"https:\/\/consejojuventudcalahorra.com\/cjcc\/amigos-de-la-catedral\/\" \/>\n<meta property=\"og:locale\" content=\"es_ES\" \/>\n<meta property=\"og:type\" content=\"article\" \/>\n<meta property=\"og:title\" content=\"Borrador autom\u00e1tico - Consejo de la Juventud Comarcal de Calahorra\" \/>\n<meta property=\"og:description\" content=\"AMIGOS DE LA CATEDRALActividades- Cuidar del Patrimonio de la Catedral- Venta de recuerdos t\u00edpicos- Reparto del Rosco en la festividad de San Blas- Preg\u00f3n de Navidad- Colocaci\u00f3n de Bel\u00e9n Navide\u00f1o- [&hellip;]\" \/>\n<meta property=\"og:url\" content=\"https:\/\/consejojuventudcalahorra.com\/cjcc\/amigos-de-la-catedral\/\" \/>\n<meta property=\"og:site_name\" content=\"Consejo de la Juventud Comarcal de Calahorra\" \/>\n<meta property=\"article:modified_time\" content=\"2026-03-23T12:30:18+00:00\" \/>\n<meta name=\"twitter:card\" content=\"summary_large_image\" \/>\n<meta name=\"twitter:label1\" content=\"Tiempo de lectura\" \/>\n\t<meta name=\"twitter:data1\" content=\"1 minuto\" \/>\n<script type=\"application\/ld+json\" class=\"yoast-schema-graph\">{\"@context\":\"https:\\\/\\\/schema.org\",\"@graph\":[{\"@type\":\"WebPage\",\"@id\":\"https:\\\/\\\/consejojuventudcalahorra.com\\\/cjcc\\\/amigos-de-la-catedral\\\/\",\"url\":\"https:\\\/\\\/consejojuventudcalahorra.com\\\/cjcc\\\/amigos-de-la-catedral\\\/\",\"name\":\"Borrador autom\u00e1tico - Consejo de la Juventud Comarcal de Calahorra\",\"isPartOf\":{\"@id\":\"https:\\\/\\\/consejojuventudcalahorra.com\\\/cjcc\\\/#website\"},\"datePublished\":\"2026-03-13T10:03:01+00:00\",\"dateModified\":\"2026-03-23T12:30:18+00:00\",\"breadcrumb\":{\"@id\":\"https:\\\/\\\/consejojuventudcalahorra.com\\\/cjcc\\\/amigos-de-la-catedral\\\/#breadcrumb\"},\"inLanguage\":\"es\",\"potentialAction\":[{\"@type\":\"ReadAction\",\"target\":[\"https:\\\/\\\/consejojuventudcalahorra.com\\\/cjcc\\\/amigos-de-la-catedral\\\/\"]}]},{\"@type\":\"BreadcrumbList\",\"@id\":\"https:\\\/\\\/consejojuventudcalahorra.com\\\/cjcc\\\/amigos-de-la-catedral\\\/#breadcrumb\",\"itemListElement\":[{\"@type\":\"ListItem\",\"position\":1,\"name\":\"Portada\",\"item\":\"https:\\\/\\\/consejojuventudcalahorra.com\\\/cjcc\\\/\"},{\"@type\":\"ListItem\",\"position\":2,\"name\":\"Borrador autom\u00e1tico\"}]},{\"@type\":\"WebSite\",\"@id\":\"https:\\\/\\\/consejojuventudcalahorra.com\\\/cjcc\\\/#website\",\"url\":\"https:\\\/\\\/consejojuventudcalahorra.com\\\/cjcc\\\/\",\"name\":\"Consejo de la Juventud Comarcal de Calahorra\",\"description\":\"Ser joven es ser algo m\u00e1s\",\"potentialAction\":[{\"@type\":\"SearchAction\",\"target\":{\"@type\":\"EntryPoint\",\"urlTemplate\":\"https:\\\/\\\/consejojuventudcalahorra.com\\\/cjcc\\\/?s={search_term_string}\"},\"query-input\":{\"@type\":\"PropertyValueSpecification\",\"valueRequired\":true,\"valueName\":\"search_term_string\"}}],\"inLanguage\":\"es\"}]}<\/script>\n<!-- \/ Yoast SEO plugin. -->","yoast_head_json":{"title":"Borrador autom\u00e1tico - Consejo de la Juventud Comarcal de Calahorra","robots":{"index":"index","follow":"follow","max-snippet":"max-snippet:-1","max-image-preview":"max-image-preview:large","max-video-preview":"max-video-preview:-1"},"canonical":"https:\/\/consejojuventudcalahorra.com\/cjcc\/amigos-de-la-catedral\/","og_locale":"es_ES","og_type":"article","og_title":"Borrador autom\u00e1tico - Consejo de la Juventud Comarcal de Calahorra","og_description":"AMIGOS DE LA CATEDRALActividades- Cuidar del Patrimonio de la Catedral- Venta de recuerdos t\u00edpicos- Reparto del Rosco en la festividad de San Blas- Preg\u00f3n de Navidad- Colocaci\u00f3n de Bel\u00e9n Navide\u00f1o- [&hellip;]","og_url":"https:\/\/consejojuventudcalahorra.com\/cjcc\/amigos-de-la-catedral\/","og_site_name":"Consejo de la Juventud Comarcal de Calahorra","article_modified_time":"2026-03-23T12:30:18+00:00","twitter_card":"summary_large_image","twitter_misc":{"Tiempo de lectura":"1 minuto"},"schema":{"@context":"https:\/\/schema.org","@graph":[{"@type":"WebPage","@id":"https:\/\/consejojuventudcalahorra.com\/cjcc\/amigos-de-la-catedral\/","url":"https:\/\/consejojuventudcalahorra.com\/cjcc\/amigos-de-la-catedral\/","name":"Borrador autom\u00e1tico - Consejo de la Juventud Comarcal de Calahorra","isPartOf":{"@id":"https:\/\/consejojuventudcalahorra.com\/cjcc\/#website"},"datePublished":"2026-03-13T10:03:01+00:00","dateModified":"2026-03-23T12:30:18+00:00","breadcrumb":{"@id":"https:\/\/consejojuventudcalahorra.com\/cjcc\/amigos-de-la-catedral\/#breadcrumb"},"inLanguage":"es","potentialAction":[{"@type":"ReadAction","target":["https:\/\/consejojuventudcalahorra.com\/cjcc\/amigos-de-la-catedral\/"]}]},{"@type":"BreadcrumbList","@id":"https:\/\/consejojuventudcalahorra.com\/cjcc\/amigos-de-la-catedral\/#breadcrumb","itemListElement":[{"@type":"ListItem","position":1,"name":"Portada","item":"https:\/\/consejojuventudcalahorra.com\/cjcc\/"},{"@type":"ListItem","position":2,"name":"Borrador autom\u00e1tico"}]},{"@type":"WebSite","@id":"https:\/\/consejojuventudcalahorra.com\/cjcc\/#website","url":"https:\/\/consejojuventudcalahorra.com\/cjcc\/","name":"Consejo de la Juventud Comarcal de Calahorra","description":"Ser joven es ser algo m\u00e1s","potentialAction":[{"@type":"SearchAction","target":{"@type":"EntryPoint","urlTemplate":"https:\/\/consejojuventudcalahorra.com\/cjcc\/?s={search_term_string}"},"query-input":{"@type":"PropertyValueSpecification","valueRequired":true,"valueName":"search_term_string"}}],"inLanguage":"es"}]}},"_links":{"self":[{"href":"https:\/\/consejojuventudcalahorra.com\/cjcc\/wp-json\/wp\/v2\/pages\/10891","targetHints":{"allow":["GET"]}}],"collection":[{"href":"https:\/\/consejojuventudcalahorra.com\/cjcc\/wp-json\/wp\/v2\/pages"}],"about":[{"href":"https:\/\/consejojuventudcalahorra.com\/cjcc\/wp-json\/wp\/v2\/types\/page"}],"author":[{"embeddable":true,"href":"https:\/\/consejojuventudcalahorra.com\/cjcc\/wp-json\/wp\/v2\/users\/1"}],"replies":[{"embeddable":true,"href":"https:\/\/consejojuventudcalahorra.com\/cjcc\/wp-json\/wp\/v2\/comments?post=10891"}],"version-history":[{"count":3,"href":"https:\/\/consejojuventudcalahorra.com\/cjcc\/wp-json\/wp\/v2\/pages\/10891\/revisions"}],"predecessor-version":[{"id":11015,"href":"https:\/\/consejojuventudcalahorra.com\/cjcc\/wp-json\/wp\/v2\/pages\/10891\/revisions\/11015"}],"wp:attachment":[{"href":"https:\/\/consejojuventudcalahorra.com\/cjcc\/wp-json\/wp\/v2\/media?parent=10891"}],"curies":[{"name":"wp","href":"https:\/\/api.w.org\/{rel}","templated":true}]}}